{"id":3321,"date":"2022-04-10T15:16:07","date_gmt":"2022-04-10T13:16:07","guid":{"rendered":"https:\/\/www.anseros.de\/ueber-uns\/"},"modified":"2024-08-16T17:34:54","modified_gmt":"2024-08-16T15:34:54","slug":"ueber-anseros","status":"publish","type":"page","link":"https:\/\/www.anseros.de\/de\/ueber-anseros\/","title":{"rendered":"\u00dcber Anseros"},"content":{"rendered":"\t\t<div data-elementor-type=\"wp-page\" data-elementor-id=\"3321\" class=\"elementor elementor-3321 elementor-958\" data-elementor-post-type=\"page\">\n\t\t\t\t<div class=\"elementor-element elementor-element-503ab24 e-flex e-con-boxed e-con e-parent\" data-id=\"503ab24\" data-element_type=\"container\" data-e-type=\"container\" data-settings=\"{&quot;background_background&quot;:&quot;classic&quot;}\">\n\t\t\t\t\t<div class=\"e-con-inner\">\n\t\t\t\t<div class=\"elementor-element elementor-element-400c064 elementor-widget-mobile__width-inherit elementor-widget elementor-widget-breadcrumbs\" data-id=\"400c064\" data-element_type=\"widget\" data-e-type=\"widget\" data-widget_type=\"breadcrumbs.default\">\n\t\t\t\t<div class=\"elementor-widget-container\">\n\t\t\t\t\t<p id=\"breadcrumbs\"><span><span><a href=\"https:\/\/www.anseros.de\/de\/\">Start<\/a><\/span><\/span><\/p>\t\t\t\t<\/div>\n\t\t\t\t<\/div>\n\t\t\t\t\t<\/div>\n\t\t\t\t<\/div>\n\t\t<div class=\"elementor-element elementor-element-7fa6dfc e-flex e-con-boxed elementor-invisible e-con e-parent\" data-id=\"7fa6dfc\" data-element_type=\"container\" data-e-type=\"container\" data-settings=\"{&quot;animation&quot;:&quot;fadeInUp&quot;}\">\n\t\t\t\t\t<div class=\"e-con-inner\">\n\t\t<div class=\"elementor-element elementor-element-493f331 e-con-full e-flex elementor-invisible e-con e-child\" data-id=\"493f331\" data-element_type=\"container\" data-e-type=\"container\" data-settings=\"{&quot;animation&quot;:&quot;fadeInUp&quot;}\">\n\t\t\t\t<div class=\"elementor-element elementor-element-5543a54 elementor-widget elementor-widget-image\" data-id=\"5543a54\" data-element_type=\"widget\" data-e-type=\"widget\" data-widget_type=\"image.default\">\n\t\t\t\t<div class=\"elementor-widget-container\">\n\t\t\t\t\t\t\t\t\t\t\t\t\t\t\t<img fetchpriority=\"high\" decoding=\"async\" src=\"https:\/\/www.anseros.de\/wp-content\/uploads\/elementor\/thumbs\/ANSEROS-mono-tower-1-rcm9i4l1uxsj00ivxfwo6i86o26qcx41trzalmarvk.webp\" alt=\"ANSEROS-mono-tower\" title=\"ANSEROS-mono-tower\" width=\"600\" height=\"400\" \/>\t\t\t\t\t\t\t\t\t\t\t\t\t\t\t<\/div>\n\t\t\t\t<\/div>\n\t\t\t\t<\/div>\n\t\t<div class=\"elementor-element elementor-element-98cf63e e-con-full e-flex elementor-invisible e-con e-child\" data-id=\"98cf63e\" data-element_type=\"container\" data-e-type=\"container\" data-settings=\"{&quot;animation&quot;:&quot;fadeInUp&quot;}\">\n\t\t<div class=\"elementor-element elementor-element-e371cc4 e-con-full e-flex e-con e-child\" data-id=\"e371cc4\" data-element_type=\"container\" data-e-type=\"container\">\n\t\t\t\t<div class=\"elementor-element elementor-element-3f44189 elementor-widget__width-inherit elementor-widget elementor-widget-heading\" data-id=\"3f44189\" data-element_type=\"widget\" data-e-type=\"widget\" data-widget_type=\"heading.default\">\n\t\t\t\t<div class=\"elementor-widget-container\">\n\t\t\t\t\t<h1 class=\"elementor-heading-title elementor-size-default\">\u00dcber - Anseros<\/h1>\t\t\t\t<\/div>\n\t\t\t\t<\/div>\n\t\t<div class=\"elementor-element elementor-element-45a583b e-con-full e-flex e-con e-child\" data-id=\"45a583b\" data-element_type=\"container\" data-e-type=\"container\">\n\t\t\t\t<div class=\"elementor-element elementor-element-5fd4042 elementor-widget elementor-widget-text-editor\" data-id=\"5fd4042\" data-element_type=\"widget\" data-e-type=\"widget\" data-widget_type=\"text-editor.default\">\n\t\t\t\t<div class=\"elementor-widget-container\">\n\t\t\t\t\t\t\t\t\t<p>Anseros ist <strong>Entwickler und Hersteller von Komponenten und Systemen f\u00fcr die Ozontechnologie<\/strong>. Unsere Unternehmensstruktur umfasst Forschung, Entwicklung, Herstellung, Vertrieb, Inbetriebnahme und Kundendienst.<\/p>\n<p>Die Anseros Klaus Nonnenmacher GmbH hat ihren Sitz seit 1989 in einem 2500m2 gro\u00dfen Entwicklungs- und Fertigungsgeb\u00e4ude in T\u00fcbingen-Hirschau, 25 km s\u00fcdlich von Stuttgart. Wir betreuen mit unseren Agenten <strong>\u00fcber 1000 Kunden in 40 L\u00e4ndern<\/strong> weltweit, die Exportrate der Verk\u00e4ufe betr\u00e4gt heute \u00fcber 70 Prozent.<\/p>\n\t\t\t\t\t\t\t\t<\/div>\n\t\t\t\t<\/div>\n\t\t\t\t<\/div>\n\t\t\t\t<\/div>\n\t\t\t\t<\/div>\n\t\t\t\t\t<\/div>\n\t\t\t\t<\/div>\n\t\t<div class=\"elementor-element elementor-element-4949a23 e-flex e-con-boxed elementor-invisible e-con e-parent\" data-id=\"4949a23\" data-element_type=\"container\" data-e-type=\"container\" data-settings=\"{&quot;animation&quot;:&quot;fadeInUp&quot;}\">\n\t\t\t\t\t<div class=\"e-con-inner\">\n\t\t<div class=\"elementor-element elementor-element-e4c5c97 e-con-full e-flex e-con e-child\" data-id=\"e4c5c97\" data-element_type=\"container\" data-e-type=\"container\">\n\t\t<div class=\"elementor-element elementor-element-c1961ed e-con-full e-flex e-con e-child\" data-id=\"c1961ed\" data-element_type=\"container\" data-e-type=\"container\">\n\t\t\t\t<div class=\"elementor-element elementor-element-9f76ec8 elementor-widget__width-inherit elementor-widget elementor-widget-heading\" data-id=\"9f76ec8\" data-element_type=\"widget\" data-e-type=\"widget\" data-widget_type=\"heading.default\">\n\t\t\t\t<div class=\"elementor-widget-container\">\n\t\t\t\t\t<h2 class=\"elementor-heading-title elementor-size-default\">Bedeutung des Firmennamens<\/h2>\t\t\t\t<\/div>\n\t\t\t\t<\/div>\n\t\t<div class=\"elementor-element elementor-element-e7ca5de e-con-full e-flex e-con e-child\" data-id=\"e7ca5de\" data-element_type=\"container\" data-e-type=\"container\">\n\t\t\t\t<div class=\"elementor-element elementor-element-cf5dac8 elementor-widget elementor-widget-text-editor\" data-id=\"cf5dac8\" data-element_type=\"widget\" data-e-type=\"widget\" data-widget_type=\"text-editor.default\">\n\t\t\t\t<div class=\"elementor-widget-container\">\n\t\t\t\t\t\t\t\t\t<p><span style=\"color: #514b83;\">The company name\u00a0ANSEROS\u00a0is derived from the Latin anser \u2013 the goose (female\/male). The ancient Romans kept geese as \u201cwatchdogs\u201d in the yard of the Capitol in Rome. Thus geese became a synonym for a strategic defense system.<\/span><\/p>\n<p><span style=\"color: #514b83;\">Ozone, the topic of research at ANSEROS, also plays an important role in the stratosphere in the defense against the incoming UV-radiation. In the lower atmosphere, ozone serves as a shield against germs.<\/span><\/p>\n\t\t\t\t\t\t\t\t<\/div>\n\t\t\t\t<\/div>\n\t\t\t\t<\/div>\n\t\t\t\t<\/div>\n\t\t\t\t<\/div>\n\t\t<div class=\"elementor-element elementor-element-93ed981 e-con-full e-flex e-con e-child\" data-id=\"93ed981\" data-element_type=\"container\" data-e-type=\"container\">\n\t\t\t\t<div class=\"elementor-element elementor-element-de13327 elementor-widget elementor-widget-image\" data-id=\"de13327\" data-element_type=\"widget\" data-e-type=\"widget\" data-widget_type=\"image.default\">\n\t\t\t\t<div class=\"elementor-widget-container\">\n\t\t\t\t\t\t\t\t\t\t\t\t\t\t\t<img decoding=\"async\" src=\"https:\/\/www.anseros.de\/wp-content\/uploads\/elementor\/thumbs\/ANSEROS-silver-mono-rcm9i6gq8lv3n8g5mgpxbhr3utxgsbbii1a9k67zj4.webp\" alt=\"ANSEROS-silver-mono\" title=\"ANSEROS-silver-mono\" width=\"600\" height=\"400\" \/>\t\t\t\t\t\t\t\t\t\t\t\t\t\t\t<\/div>\n\t\t\t\t<\/div>\n\t\t\t\t<\/div>\n\t\t\t\t\t<\/div>\n\t\t\t\t<\/div>\n\t\t<div class=\"elementor-element elementor-element-1ddd1ec e-flex e-con-boxed elementor-invisible e-con e-parent\" data-id=\"1ddd1ec\" data-element_type=\"container\" data-e-type=\"container\" data-settings=\"{&quot;animation&quot;:&quot;fadeInUp&quot;}\">\n\t\t\t\t\t<div class=\"e-con-inner\">\n\t\t<div class=\"elementor-element elementor-element-30d20db e-con-full e-flex e-con e-child\" data-id=\"30d20db\" data-element_type=\"container\" data-e-type=\"container\">\n\t\t\t\t<div class=\"elementor-element elementor-element-9108cff elementor-widget elementor-widget-image\" data-id=\"9108cff\" data-element_type=\"widget\" data-e-type=\"widget\" data-widget_type=\"image.default\">\n\t\t\t\t<div class=\"elementor-widget-container\">\n\t\t\t\t\t\t\t\t\t\t\t\t\t\t\t<img decoding=\"async\" src=\"https:\/\/www.anseros.de\/wp-content\/uploads\/elementor\/thumbs\/HPLC-1-rcm9i6grggmysn9lpawmwgrgibow66k1scdlom68io.webp\" alt=\"HPLC\" title=\"HPLC\" width=\"700\" height=\"400\" \/>\t\t\t\t\t\t\t\t\t\t\t\t\t\t\t<\/div>\n\t\t\t\t<\/div>\n\t\t\t\t<\/div>\n\t\t<div class=\"elementor-element elementor-element-47f5d7d e-con-full e-flex e-con e-child\" data-id=\"47f5d7d\" data-element_type=\"container\" data-e-type=\"container\">\n\t\t<div class=\"elementor-element elementor-element-acaffe6 e-con-full e-flex e-con e-child\" data-id=\"acaffe6\" data-element_type=\"container\" data-e-type=\"container\">\n\t\t\t\t<div class=\"elementor-element elementor-element-5d9303e elementor-widget__width-inherit elementor-widget elementor-widget-heading\" data-id=\"5d9303e\" data-element_type=\"widget\" data-e-type=\"widget\" data-widget_type=\"heading.default\">\n\t\t\t\t<div class=\"elementor-widget-container\">\n\t\t\t\t\t<h2 class=\"elementor-heading-title elementor-size-default\">Forschung &amp; Entwicklung<\/h2>\t\t\t\t<\/div>\n\t\t\t\t<\/div>\n\t\t<div class=\"elementor-element elementor-element-ac8ae79 e-con-full e-flex e-con e-child\" data-id=\"ac8ae79\" data-element_type=\"container\" data-e-type=\"container\">\n\t\t\t\t<div class=\"elementor-element elementor-element-181aaa1 elementor-widget elementor-widget-text-editor\" data-id=\"181aaa1\" data-element_type=\"widget\" data-e-type=\"widget\" data-widget_type=\"text-editor.default\">\n\t\t\t\t<div class=\"elementor-widget-container\">\n\t\t\t\t\t\t\t\t\t<p>Ein Schwerpunkt unserer Arbeit liegt im Bereich <strong>Forschung und Entwicklung<\/strong>. Wir sind seit 1979 in der Ozontechnologie t\u00e4tig und verf\u00fcgen \u00fcber eine engagierte und erfolgreiche Forschungs- und Entwicklungsabteilung mit hochqualifizierten und motivierten Wissenschaftlern und Ingenieuren.<\/p><p><strong>Prof. Klaus Nonnenmacher<\/strong>, selbst Dipl. Ing. der Chemietechnik, verf\u00fcgt \u00fcber ein umfangreiches Wissen und langj\u00e4hrige Erfahrung in der Industrie- und Umwelttechnik. Er leitet die Firma seit 1985. Durch Vortr\u00e4ge und Publikationen hat er sich in der Ozontechnologie einen Namen gemacht.<\/p>\t\t\t\t\t\t\t\t<\/div>\n\t\t\t\t<\/div>\n\t\t\t\t<\/div>\n\t\t\t\t<\/div>\n\t\t\t\t<\/div>\n\t\t\t\t\t<\/div>\n\t\t\t\t<\/div>\n\t\t<div class=\"elementor-element elementor-element-dbb9e1a e-flex e-con-boxed elementor-invisible e-con e-parent\" data-id=\"dbb9e1a\" data-element_type=\"container\" data-e-type=\"container\" data-settings=\"{&quot;animation&quot;:&quot;fadeInUp&quot;}\">\n\t\t\t\t\t<div class=\"e-con-inner\">\n\t\t<div class=\"elementor-element elementor-element-4e9bf8b e-con-full e-flex e-con e-child\" data-id=\"4e9bf8b\" data-element_type=\"container\" data-e-type=\"container\">\n\t\t<div class=\"elementor-element elementor-element-262d71f e-con-full e-flex e-con e-child\" data-id=\"262d71f\" data-element_type=\"container\" data-e-type=\"container\">\n\t\t\t\t<div class=\"elementor-element elementor-element-4436708 elementor-widget__width-inherit elementor-widget elementor-widget-heading\" data-id=\"4436708\" data-element_type=\"widget\" data-e-type=\"widget\" data-widget_type=\"heading.default\">\n\t\t\t\t<div class=\"elementor-widget-container\">\n\t\t\t\t\t<h2 class=\"elementor-heading-title elementor-size-default\">Zertifizierungen<\/h2>\t\t\t\t<\/div>\n\t\t\t\t<\/div>\n\t\t<div class=\"elementor-element elementor-element-295b94a e-con-full e-flex e-con e-child\" data-id=\"295b94a\" data-element_type=\"container\" data-e-type=\"container\">\n\t\t\t\t<div class=\"elementor-element elementor-element-a90b820 elementor-widget elementor-widget-text-editor\" data-id=\"a90b820\" data-element_type=\"widget\" data-e-type=\"widget\" data-widget_type=\"text-editor.default\">\n\t\t\t\t<div class=\"elementor-widget-container\">\n\t\t\t\t\t\t\t\t\t<div class=\"elementor-element elementor-element-123b3368 elementor-widget elementor-widget-text-editor\" data-id=\"123b3368\" data-element_type=\"widget\" data-widget_type=\"text-editor.default\">\n<div class=\"elementor-widget-container\">\n<ul class=\"ui--list list-circle parent-2\">\n<li><span style=\"color: #514b83;\">Mitgliedschaft in der\u00a0<strong>International Ozone Association (IOA)<\/strong><\/span><\/li>\n<li><span style=\"color: #514b83;\">Mitgliedschaft im<strong>\u00a0Ozone Quality Committee<\/strong><\/span><\/li>\n<li><span style=\"color: #514b83;\">Mitgliedschaft im<strong>\u00a0FIGAWA (Firmen im Gas- und Wasserfach e.V.) \/ DVGW (Deutscher Verein des Gas- und Wasserfaches)<\/strong><\/span><\/li>\n<li><span style=\"color: #514b83;\">Erfinder mehrerer\u00a0<strong>Patentanwendungen<\/strong>\u00a0f\u00fcr Ozon<\/span><\/li>\n<li><span style=\"color: #514b83;\">Anerkannt durch die\u00a0<strong>AiF Industrieforschung<\/strong>, Forschungsinstitut<\/span><\/li>\n<li><span style=\"color: #514b83;\"><strong>CE Approval<\/strong><\/span><\/li>\n<\/ul>\n<\/div>\n<\/div>\n\t\t\t\t\t\t\t\t<\/div>\n\t\t\t\t<\/div>\n\t\t\t\t<\/div>\n\t\t\t\t<\/div>\n\t\t\t\t<\/div>\n\t\t<div class=\"elementor-element elementor-element-0611951 e-con-full e-flex e-con e-child\" data-id=\"0611951\" data-element_type=\"container\" data-e-type=\"container\">\n\t\t\t\t<div class=\"elementor-element elementor-element-7edda27 elementor-widget elementor-widget-image\" data-id=\"7edda27\" data-element_type=\"widget\" data-e-type=\"widget\" data-widget_type=\"image.default\">\n\t\t\t\t<div class=\"elementor-widget-container\">\n\t\t\t\t\t\t\t\t\t\t\t\t\t\t\t<img loading=\"lazy\" decoding=\"async\" src=\"https:\/\/www.anseros.de\/wp-content\/uploads\/elementor\/thumbs\/Nonnenmacher-with-Chinese-Vice-premiere-rcm9i7elnao94988jtb9gyix3pk9dvns4h135w4ucg.webp\" alt=\"Nonnenmacher with Chinese Vice premiere\" title=\"Nonnenmacher with Chinese Vice premiere\" width=\"700\" height=\"400\" \/>\t\t\t\t\t\t\t\t\t\t\t\t\t\t\t<\/div>\n\t\t\t\t<\/div>\n\t\t\t\t<\/div>\n\t\t\t\t\t<\/div>\n\t\t\t\t<\/div>\n\t\t<div class=\"elementor-element elementor-element-2df577b e-flex e-con-boxed e-con e-parent\" data-id=\"2df577b\" data-element_type=\"container\" data-e-type=\"container\">\n\t\t\t\t\t<div class=\"e-con-inner\">\n\t\t\t\t<div class=\"elementor-element elementor-element-4dc6692 elementor-widget elementor-widget-spacer\" data-id=\"4dc6692\" data-element_type=\"widget\" data-e-type=\"widget\" data-widget_type=\"spacer.default\">\n\t\t\t\t<div class=\"elementor-widget-container\">\n\t\t\t\t\t\t\t<div class=\"elementor-spacer\">\n\t\t\t<div class=\"elementor-spacer-inner\"><\/div>\n\t\t<\/div>\n\t\t\t\t\t\t<\/div>\n\t\t\t\t<\/div>\n\t\t\t\t\t<\/div>\n\t\t\t\t<\/div>\n\t\t\t\t<\/div>\n\t\t","protected":false},"excerpt":{"rendered":"<p>Anseros ist Entwickler und Hersteller von Komponenten und Systemen f\u00fcr die Ozontechnologie. Unsere Unternehmensstruktur umfasst Forschung, Entwicklung, Herstellung, Vertrieb, Inbetriebnahme und Kundendienst. Die Anseros Klaus Nonnenmacher GmbH hat ihren Sitz seit 1989 in einem 2500m2 gro\u00dfen Entwicklungs- und Fertigungsgeb\u00e4ude in T\u00fcbingen-Hirschau, 25 km s\u00fcdlich von Stuttgart. Wir betreuen mit unseren Agenten \u00fcber 1000 Kunden in 40 L\u00e4ndern weltweit, die Exportrate der Verk\u00e4ufe betr\u00e4gt heute \u00fcber 70 Prozent.<\/p>\n","protected":false},"author":7,"featured_media":0,"parent":0,"menu_order":0,"comment_status":"closed","ping_status":"closed","template":"","meta":{"_acf_changed":false,"footnotes":""},"class_list":["post-3321","page","type-page","status-publish","hentry"],"acf":[],"yoast_head":"<!-- This site is optimized with the Yoast SEO plugin v27.1.1 - https:\/\/yoast.com\/product\/yoast-seo-wordpress\/ -->\n<title>\u00dcber Anseros - Anseros Ozone Technologies<\/title>\n<meta name=\"description\" content=\"ANSEROS mit Sitz im sch\u00f6nen T\u00fcbingen ist Ihr Spezialist f\u00fcr Ozontechnologie. Wir m\u00f6chten Ihnen ein wenig \u00fcber uns erz\u00e4hlen.\" \/>\n<meta name=\"robots\" content=\"index, follow, max-snippet:-1, max-image-preview:large, max-video-preview:-1\" \/>\n<link rel=\"canonical\" href=\"https:\/\/www.anseros.de\/de\/ueber-anseros\/\" \/>\n<meta property=\"og:locale\" content=\"de_DE\" \/>\n<meta property=\"og:type\" content=\"article\" \/>\n<meta property=\"og:title\" content=\"\u00dcber Anseros - Anseros Ozone Technologies\" \/>\n<meta property=\"og:description\" content=\"ANSEROS mit Sitz im sch\u00f6nen T\u00fcbingen ist Ihr Spezialist f\u00fcr Ozontechnologie. Wir m\u00f6chten Ihnen ein wenig \u00fcber uns erz\u00e4hlen.\" \/>\n<meta property=\"og:url\" content=\"https:\/\/www.anseros.de\/de\/ueber-anseros\/\" \/>\n<meta property=\"og:site_name\" content=\"Anseros Ozone Technologies\" \/>\n<meta property=\"article:modified_time\" content=\"2024-08-16T15:34:54+00:00\" \/>\n<meta property=\"og:image\" content=\"https:\/\/www.anseros.de\/wp-content\/uploads\/elementor\/thumbs\/ANSEROS-mono-tower-1-qsp5vc4dxg70a1twvrgbugwa3n36kg95z1o46frtls.webp\" \/>\n<meta name=\"twitter:card\" content=\"summary_large_image\" \/>\n<meta name=\"twitter:label1\" content=\"Gesch\u00e4tzte Lesezeit\" \/>\n\t<meta name=\"twitter:data1\" content=\"3\u00a0Minuten\" \/>\n<script type=\"application\/ld+json\" class=\"yoast-schema-graph\">{\"@context\":\"https:\/\/schema.org\",\"@graph\":[{\"@type\":\"WebPage\",\"@id\":\"https:\/\/www.anseros.de\/de\/ueber-anseros\/\",\"url\":\"https:\/\/www.anseros.de\/de\/ueber-anseros\/\",\"name\":\"\u00dcber Anseros - Anseros Ozone Technologies\",\"isPartOf\":{\"@id\":\"https:\/\/www.anseros.de\/#website\"},\"primaryImageOfPage\":{\"@id\":\"https:\/\/www.anseros.de\/de\/ueber-anseros\/#primaryimage\"},\"image\":{\"@id\":\"https:\/\/www.anseros.de\/de\/ueber-anseros\/#primaryimage\"},\"thumbnailUrl\":\"https:\/\/www.anseros.de\/wp-content\/uploads\/elementor\/thumbs\/ANSEROS-mono-tower-1-qsp5vc4dxg70a1twvrgbugwa3n36kg95z1o46frtls.webp\",\"datePublished\":\"2022-04-10T13:16:07+00:00\",\"dateModified\":\"2024-08-16T15:34:54+00:00\",\"description\":\"ANSEROS mit Sitz im sch\u00f6nen T\u00fcbingen ist Ihr Spezialist f\u00fcr Ozontechnologie. Wir m\u00f6chten Ihnen ein wenig \u00fcber uns erz\u00e4hlen.\",\"breadcrumb\":{\"@id\":\"https:\/\/www.anseros.de\/de\/ueber-anseros\/#breadcrumb\"},\"inLanguage\":\"de\",\"potentialAction\":[{\"@type\":\"ReadAction\",\"target\":[\"https:\/\/www.anseros.de\/de\/ueber-anseros\/\"]}]},{\"@type\":\"ImageObject\",\"inLanguage\":\"de\",\"@id\":\"https:\/\/www.anseros.de\/de\/ueber-anseros\/#primaryimage\",\"url\":\"https:\/\/www.anseros.de\/wp-content\/uploads\/elementor\/thumbs\/ANSEROS-mono-tower-1-qsp5vc4dxg70a1twvrgbugwa3n36kg95z1o46frtls.webp\",\"contentUrl\":\"https:\/\/www.anseros.de\/wp-content\/uploads\/elementor\/thumbs\/ANSEROS-mono-tower-1-qsp5vc4dxg70a1twvrgbugwa3n36kg95z1o46frtls.webp\"},{\"@type\":\"BreadcrumbList\",\"@id\":\"https:\/\/www.anseros.de\/de\/ueber-anseros\/#breadcrumb\",\"itemListElement\":[{\"@type\":\"ListItem\",\"position\":1,\"name\":\"Start\",\"item\":\"https:\/\/www.anseros.de\/de\/\"},{\"@type\":\"ListItem\",\"position\":2,\"name\":\"\u00dcber Anseros\"}]},{\"@type\":\"WebSite\",\"@id\":\"https:\/\/www.anseros.de\/#website\",\"url\":\"https:\/\/www.anseros.de\/\",\"name\":\"Anseros Ozone Technologies\",\"description\":\"Pr\u00e4sentation der Anseros Produktpalette und Leistungen\",\"publisher\":{\"@id\":\"https:\/\/www.anseros.de\/#organization\"},\"potentialAction\":[{\"@type\":\"SearchAction\",\"target\":{\"@type\":\"EntryPoint\",\"urlTemplate\":\"https:\/\/www.anseros.de\/?s={search_term_string}\"},\"query-input\":{\"@type\":\"PropertyValueSpecification\",\"valueRequired\":true,\"valueName\":\"search_term_string\"}}],\"inLanguage\":\"de\"},{\"@type\":\"Organization\",\"@id\":\"https:\/\/www.anseros.de\/#organization\",\"name\":\"Anseros Ozone Technologies\",\"url\":\"https:\/\/www.anseros.de\/\",\"logo\":{\"@type\":\"ImageObject\",\"inLanguage\":\"de\",\"@id\":\"https:\/\/www.anseros.de\/#\/schema\/logo\/image\/\",\"url\":\"https:\/\/www.anseros.de\/wp-content\/uploads\/Anseros-monogram-2024-2.webp\",\"contentUrl\":\"https:\/\/www.anseros.de\/wp-content\/uploads\/Anseros-monogram-2024-2.webp\",\"width\":1067,\"height\":1060,\"caption\":\"Anseros Ozone Technologies\"},\"image\":{\"@id\":\"https:\/\/www.anseros.de\/#\/schema\/logo\/image\/\"}}]}<\/script>\n<!-- \/ Yoast SEO plugin. -->","yoast_head_json":{"title":"\u00dcber Anseros - Anseros Ozone Technologies","description":"ANSEROS mit Sitz im sch\u00f6nen T\u00fcbingen ist Ihr Spezialist f\u00fcr Ozontechnologie. Wir m\u00f6chten Ihnen ein wenig \u00fcber uns erz\u00e4hlen.","robots":{"index":"index","follow":"follow","max-snippet":"max-snippet:-1","max-image-preview":"max-image-preview:large","max-video-preview":"max-video-preview:-1"},"canonical":"https:\/\/www.anseros.de\/de\/ueber-anseros\/","og_locale":"de_DE","og_type":"article","og_title":"\u00dcber Anseros - Anseros Ozone Technologies","og_description":"ANSEROS mit Sitz im sch\u00f6nen T\u00fcbingen ist Ihr Spezialist f\u00fcr Ozontechnologie. Wir m\u00f6chten Ihnen ein wenig \u00fcber uns erz\u00e4hlen.","og_url":"https:\/\/www.anseros.de\/de\/ueber-anseros\/","og_site_name":"Anseros Ozone Technologies","article_modified_time":"2024-08-16T15:34:54+00:00","og_image":[{"url":"https:\/\/www.anseros.de\/wp-content\/uploads\/elementor\/thumbs\/ANSEROS-mono-tower-1-qsp5vc4dxg70a1twvrgbugwa3n36kg95z1o46frtls.webp","type":"","width":"","height":""}],"twitter_card":"summary_large_image","twitter_misc":{"Gesch\u00e4tzte Lesezeit":"3\u00a0Minuten"},"schema":{"@context":"https:\/\/schema.org","@graph":[{"@type":"WebPage","@id":"https:\/\/www.anseros.de\/de\/ueber-anseros\/","url":"https:\/\/www.anseros.de\/de\/ueber-anseros\/","name":"\u00dcber Anseros - Anseros Ozone Technologies","isPartOf":{"@id":"https:\/\/www.anseros.de\/#website"},"primaryImageOfPage":{"@id":"https:\/\/www.anseros.de\/de\/ueber-anseros\/#primaryimage"},"image":{"@id":"https:\/\/www.anseros.de\/de\/ueber-anseros\/#primaryimage"},"thumbnailUrl":"https:\/\/www.anseros.de\/wp-content\/uploads\/elementor\/thumbs\/ANSEROS-mono-tower-1-qsp5vc4dxg70a1twvrgbugwa3n36kg95z1o46frtls.webp","datePublished":"2022-04-10T13:16:07+00:00","dateModified":"2024-08-16T15:34:54+00:00","description":"ANSEROS mit Sitz im sch\u00f6nen T\u00fcbingen ist Ihr Spezialist f\u00fcr Ozontechnologie. Wir m\u00f6chten Ihnen ein wenig \u00fcber uns erz\u00e4hlen.","breadcrumb":{"@id":"https:\/\/www.anseros.de\/de\/ueber-anseros\/#breadcrumb"},"inLanguage":"de","potentialAction":[{"@type":"ReadAction","target":["https:\/\/www.anseros.de\/de\/ueber-anseros\/"]}]},{"@type":"ImageObject","inLanguage":"de","@id":"https:\/\/www.anseros.de\/de\/ueber-anseros\/#primaryimage","url":"https:\/\/www.anseros.de\/wp-content\/uploads\/elementor\/thumbs\/ANSEROS-mono-tower-1-qsp5vc4dxg70a1twvrgbugwa3n36kg95z1o46frtls.webp","contentUrl":"https:\/\/www.anseros.de\/wp-content\/uploads\/elementor\/thumbs\/ANSEROS-mono-tower-1-qsp5vc4dxg70a1twvrgbugwa3n36kg95z1o46frtls.webp"},{"@type":"BreadcrumbList","@id":"https:\/\/www.anseros.de\/de\/ueber-anseros\/#breadcrumb","itemListElement":[{"@type":"ListItem","position":1,"name":"Start","item":"https:\/\/www.anseros.de\/de\/"},{"@type":"ListItem","position":2,"name":"\u00dcber Anseros"}]},{"@type":"WebSite","@id":"https:\/\/www.anseros.de\/#website","url":"https:\/\/www.anseros.de\/","name":"Anseros Ozone Technologies","description":"Pr\u00e4sentation der Anseros Produktpalette und Leistungen","publisher":{"@id":"https:\/\/www.anseros.de\/#organization"},"potentialAction":[{"@type":"SearchAction","target":{"@type":"EntryPoint","urlTemplate":"https:\/\/www.anseros.de\/?s={search_term_string}"},"query-input":{"@type":"PropertyValueSpecification","valueRequired":true,"valueName":"search_term_string"}}],"inLanguage":"de"},{"@type":"Organization","@id":"https:\/\/www.anseros.de\/#organization","name":"Anseros Ozone Technologies","url":"https:\/\/www.anseros.de\/","logo":{"@type":"ImageObject","inLanguage":"de","@id":"https:\/\/www.anseros.de\/#\/schema\/logo\/image\/","url":"https:\/\/www.anseros.de\/wp-content\/uploads\/Anseros-monogram-2024-2.webp","contentUrl":"https:\/\/www.anseros.de\/wp-content\/uploads\/Anseros-monogram-2024-2.webp","width":1067,"height":1060,"caption":"Anseros Ozone Technologies"},"image":{"@id":"https:\/\/www.anseros.de\/#\/schema\/logo\/image\/"}}]}},"_links":{"self":[{"href":"https:\/\/www.anseros.de\/de\/wp-json\/wp\/v2\/pages\/3321","targetHints":{"allow":["GET"]}}],"collection":[{"href":"https:\/\/www.anseros.de\/de\/wp-json\/wp\/v2\/pages"}],"about":[{"href":"https:\/\/www.anseros.de\/de\/wp-json\/wp\/v2\/types\/page"}],"author":[{"embeddable":true,"href":"https:\/\/www.anseros.de\/de\/wp-json\/wp\/v2\/users\/7"}],"replies":[{"embeddable":true,"href":"https:\/\/www.anseros.de\/de\/wp-json\/wp\/v2\/comments?post=3321"}],"version-history":[{"count":0,"href":"https:\/\/www.anseros.de\/de\/wp-json\/wp\/v2\/pages\/3321\/revisions"}],"wp:attachment":[{"href":"https:\/\/www.anseros.de\/de\/wp-json\/wp\/v2\/media?parent=3321"}],"curies":[{"name":"wp","href":"https:\/\/api.w.org\/{rel}","templated":true}]}}