{"id":3319,"date":"2022-04-10T15:17:17","date_gmt":"2022-04-10T13:17:17","guid":{"rendered":"https:\/\/www.anseros.de\/investoren\/"},"modified":"2022-08-09T11:55:55","modified_gmt":"2022-08-09T09:55:55","slug":"investoren","status":"publish","type":"page","link":"https:\/\/www.anseros.de\/de\/investoren\/","title":{"rendered":"Investoren"},"content":{"rendered":"\t\t<div data-elementor-type=\"wp-page\" data-elementor-id=\"3319\" class=\"elementor elementor-3319 elementor-964\" data-elementor-post-type=\"page\">\n\t\t\t\t<div class=\"elementor-element elementor-element-929ef35 e-flex e-con-boxed e-con e-parent\" data-id=\"929ef35\" data-element_type=\"container\" data-e-type=\"container\">\n\t\t\t\t\t<div class=\"e-con-inner\">\n\t\t\t\t<div class=\"elementor-element elementor-element-da30128 elementor-widget elementor-widget-breadcrumbs\" data-id=\"da30128\" data-element_type=\"widget\" data-e-type=\"widget\" data-widget_type=\"breadcrumbs.default\">\n\t\t\t\t<div class=\"elementor-widget-container\">\n\t\t\t\t\t<p id=\"breadcrumbs\"><span><span><a href=\"https:\/\/www.anseros.de\/de\/\">Start<\/a><\/span><\/span><\/p>\t\t\t\t<\/div>\n\t\t\t\t<\/div>\n\t\t\t\t\t<\/div>\n\t\t\t\t<\/div>\n\t\t<div class=\"elementor-element elementor-element-3dbe525 e-flex e-con-boxed e-con e-parent\" data-id=\"3dbe525\" data-element_type=\"container\" data-e-type=\"container\">\n\t\t\t\t\t<div class=\"e-con-inner\">\n\t\t<div class=\"elementor-element elementor-element-ac493d4 e-con-full e-flex e-con e-parent\" data-id=\"ac493d4\" data-element_type=\"container\" data-e-type=\"container\">\n\t\t\t\t<div class=\"elementor-element elementor-element-a24b426 elementor-widget elementor-widget-heading\" data-id=\"a24b426\" data-element_type=\"widget\" data-e-type=\"widget\" data-widget_type=\"heading.default\">\n\t\t\t\t<div class=\"elementor-widget-container\">\n\t\t\t\t\t<h1 class=\"elementor-heading-title elementor-size-default\">Investoren<\/h1>\t\t\t\t<\/div>\n\t\t\t\t<\/div>\n\t\t\t\t<div class=\"elementor-element elementor-element-69cbec8 elementor-widget elementor-widget-text-editor\" data-id=\"69cbec8\" data-element_type=\"widget\" data-e-type=\"widget\" data-widget_type=\"text-editor.default\">\n\t\t\t\t<div class=\"elementor-widget-container\">\n\t\t\t\t\t\t\t\t\tMit Patenten und Know-How verf\u00fcgt Anseros bereits heute \u00fcber ein gesichertes Ma\u00df an technologischem Potential. Presseberichten zufolge wird das Waschmittel der Natur gew\u00fcrdigt und als nachhaltige L\u00f6sung erkannt. Insbesondere in Kombination mit weiteren Sauerstoffverbindungen werden umweltrelevante Problemstellungen l\u00f6sbar. Diese Technologie wird als Advanced Oxidation Processing (AOP) bezeichnet.\r\n\r\nNennenswerte Technologiel\u00f6sungen von Anseros sind (siehe hierzu auch NEWS):\r\n<ul>\r\n \t<li>Pharmaka und Pestizide im Abwasser (HOXON \u00ae)<\/li>\r\n \t<li>Massentierhaltung (multiresistente Erreger MRE, Antibiotika Resistenz, Vogelgrippe)<\/li>\r\n \t<li>Pandemie (Ebola)<\/li>\r\n \t<li>Organische Chlorverbindungen (AOX) durch Bleichen<\/li>\r\n \t<li>Sicherstellung von einwandfreiem Trinkwasser<\/li>\r\n \t<li>Klimafreundliche Chemietechnik (NYLON)<\/li>\r\n \t<li>Sulfitreduktion in der Weinherstellung (OENOCAT \u00ae)<\/li>\r\n<\/ul>\t\t\t\t\t\t\t\t<\/div>\n\t\t\t\t<\/div>\n\t\t\t\t<div class=\"elementor-element elementor-element-01ab0ab elementor-widget elementor-widget-text-editor\" data-id=\"01ab0ab\" data-element_type=\"widget\" data-e-type=\"widget\" data-widget_type=\"text-editor.default\">\n\t\t\t\t<div class=\"elementor-widget-container\">\n\t\t\t\t\t\t\t\t\tAOP-Investitionsangebote richten Sie bitte an die Gesch\u00e4ftsleitung Dipl.-Ing. Klaus Nonnenmacher.\t\t\t\t\t\t\t\t<\/div>\n\t\t\t\t<\/div>\n\t\t\t\t<\/div>\n\t\t<div class=\"elementor-element elementor-element-7d14009 e-con-full e-flex e-con e-parent\" data-id=\"7d14009\" data-element_type=\"container\" data-e-type=\"container\">\n\t\t<div class=\"elementor-element elementor-element-10bd511 e-flex e-con-boxed e-con e-parent\" data-id=\"10bd511\" data-element_type=\"container\" data-e-type=\"container\">\n\t\t\t\t\t<div class=\"e-con-inner\">\n\t\t\t\t<div class=\"elementor-element elementor-element-7bea360 elementor-widget elementor-widget-image\" data-id=\"7bea360\" data-element_type=\"widget\" data-e-type=\"widget\" data-widget_type=\"image.default\">\n\t\t\t\t<div class=\"elementor-widget-container\">\n\t\t\t\t\t\t\t\t\t\t\t\t\t\t\t<img decoding=\"async\" src=\"https:\/\/www.anseros.de\/wp-content\/uploads\/2022\/04\/INVESTMENT.jpg\" alt=\"\" title=\"\" width=\"0\" height=\"0\" \/>\t\t\t\t\t\t\t\t\t\t\t\t\t\t\t<\/div>\n\t\t\t\t<\/div>\n\t\t\t\t\t<\/div>\n\t\t\t\t<\/div>\n\t\t\t\t<\/div>\n\t\t\t\t\t<\/div>\n\t\t\t\t<\/div>\n\t\t\t\t<\/div>\n\t\t","protected":false},"excerpt":{"rendered":"<p>Investoren Mit Patenten und Know-How verf\u00fcgt Anseros bereits heute \u00fcber ein gesichertes Ma\u00df an technologischem Potential. Presseberichten zufolge wird das Waschmittel der Natur gew\u00fcrdigt und als nachhaltige L\u00f6sung erkannt. Insbesondere in Kombination mit weiteren Sauerstoffverbindungen werden umweltrelevante Problemstellungen l\u00f6sbar. Diese Technologie wird als Advanced Oxidation Processing (AOP) bezeichnet. Nennenswerte Technologiel\u00f6sungen von Anseros sind (siehe hierzu [&hellip;]<\/p>\n","protected":false},"author":7,"featured_media":0,"parent":0,"menu_order":0,"comment_status":"closed","ping_status":"closed","template":"","meta":{"_acf_changed":false,"footnotes":""},"class_list":["post-3319","page","type-page","status-publish","hentry"],"acf":[],"yoast_head":"<!-- This site is optimized with the Yoast SEO plugin v27.5 - https:\/\/yoast.com\/product\/yoast-seo-wordpress\/ -->\n<title>Investoren - Anseros Ozone Technologies<\/title>\n<meta name=\"description\" content=\"Seien Sie Teil der Zukunft! Advanced Oxidation Processing (AOP) in Perfektion - ANSEROS bittet um Investitionsvorschl\u00e4ge.\" \/>\n<meta name=\"robots\" content=\"index, follow, max-snippet:-1, max-image-preview:large, max-video-preview:-1\" \/>\n<link rel=\"canonical\" href=\"https:\/\/www.anseros.de\/de\/investoren\/\" \/>\n<meta property=\"og:locale\" content=\"de_DE\" \/>\n<meta property=\"og:type\" content=\"article\" \/>\n<meta property=\"og:title\" content=\"Investoren - Anseros Ozone Technologies\" \/>\n<meta property=\"og:description\" content=\"Seien Sie Teil der Zukunft! Advanced Oxidation Processing (AOP) in Perfektion - ANSEROS bittet um Investitionsvorschl\u00e4ge.\" \/>\n<meta property=\"og:url\" content=\"https:\/\/www.anseros.de\/de\/investoren\/\" \/>\n<meta property=\"og:site_name\" content=\"Anseros Ozone Technologies\" \/>\n<meta property=\"article:modified_time\" content=\"2022-08-09T09:55:55+00:00\" \/>\n<meta property=\"og:image\" content=\"https:\/\/www.anseros.de\/wp-content\/uploads\/2022\/04\/INVESTMENT.jpg\" \/>\n\t<meta property=\"og:image:width\" content=\"1170\" \/>\n\t<meta property=\"og:image:height\" content=\"600\" \/>\n\t<meta property=\"og:image:type\" content=\"image\/jpeg\" \/>\n<meta name=\"twitter:card\" content=\"summary_large_image\" \/>\n<meta name=\"twitter:label1\" content=\"Gesch\u00e4tzte Lesezeit\" \/>\n\t<meta name=\"twitter:data1\" content=\"1\u00a0Minute\" \/>\n<script type=\"application\/ld+json\" class=\"yoast-schema-graph\">{\"@context\":\"https:\\\/\\\/schema.org\",\"@graph\":[{\"@type\":\"WebPage\",\"@id\":\"https:\\\/\\\/www.anseros.de\\\/de\\\/investoren\\\/\",\"url\":\"https:\\\/\\\/www.anseros.de\\\/de\\\/investoren\\\/\",\"name\":\"Investoren - Anseros Ozone Technologies\",\"isPartOf\":{\"@id\":\"https:\\\/\\\/www.anseros.de\\\/#website\"},\"primaryImageOfPage\":{\"@id\":\"https:\\\/\\\/www.anseros.de\\\/de\\\/investoren\\\/#primaryimage\"},\"image\":{\"@id\":\"https:\\\/\\\/www.anseros.de\\\/de\\\/investoren\\\/#primaryimage\"},\"thumbnailUrl\":\"https:\\\/\\\/www.anseros.de\\\/wp-content\\\/uploads\\\/2022\\\/04\\\/INVESTMENT.jpg\",\"datePublished\":\"2022-04-10T13:17:17+00:00\",\"dateModified\":\"2022-08-09T09:55:55+00:00\",\"description\":\"Seien Sie Teil der Zukunft! Advanced Oxidation Processing (AOP) in Perfektion - ANSEROS bittet um Investitionsvorschl\u00e4ge.\",\"breadcrumb\":{\"@id\":\"https:\\\/\\\/www.anseros.de\\\/de\\\/investoren\\\/#breadcrumb\"},\"inLanguage\":\"de\",\"potentialAction\":[{\"@type\":\"ReadAction\",\"target\":[\"https:\\\/\\\/www.anseros.de\\\/de\\\/investoren\\\/\"]}]},{\"@type\":\"ImageObject\",\"inLanguage\":\"de\",\"@id\":\"https:\\\/\\\/www.anseros.de\\\/de\\\/investoren\\\/#primaryimage\",\"url\":\"https:\\\/\\\/www.anseros.de\\\/wp-content\\\/uploads\\\/2022\\\/04\\\/INVESTMENT.jpg\",\"contentUrl\":\"https:\\\/\\\/www.anseros.de\\\/wp-content\\\/uploads\\\/2022\\\/04\\\/INVESTMENT.jpg\"},{\"@type\":\"BreadcrumbList\",\"@id\":\"https:\\\/\\\/www.anseros.de\\\/de\\\/investoren\\\/#breadcrumb\",\"itemListElement\":[{\"@type\":\"ListItem\",\"position\":1,\"name\":\"Start\",\"item\":\"https:\\\/\\\/www.anseros.de\\\/de\\\/\"},{\"@type\":\"ListItem\",\"position\":2,\"name\":\"Investoren\"}]},{\"@type\":\"WebSite\",\"@id\":\"https:\\\/\\\/www.anseros.de\\\/#website\",\"url\":\"https:\\\/\\\/www.anseros.de\\\/\",\"name\":\"Anseros Ozone Technologies\",\"description\":\"Pr\u00e4sentation der Anseros Produktpalette und Leistungen\",\"publisher\":{\"@id\":\"https:\\\/\\\/www.anseros.de\\\/#organization\"},\"potentialAction\":[{\"@type\":\"SearchAction\",\"target\":{\"@type\":\"EntryPoint\",\"urlTemplate\":\"https:\\\/\\\/www.anseros.de\\\/?s={search_term_string}\"},\"query-input\":{\"@type\":\"PropertyValueSpecification\",\"valueRequired\":true,\"valueName\":\"search_term_string\"}}],\"inLanguage\":\"de\"},{\"@type\":\"Organization\",\"@id\":\"https:\\\/\\\/www.anseros.de\\\/#organization\",\"name\":\"Anseros Ozone Technologies\",\"url\":\"https:\\\/\\\/www.anseros.de\\\/\",\"logo\":{\"@type\":\"ImageObject\",\"inLanguage\":\"de\",\"@id\":\"https:\\\/\\\/www.anseros.de\\\/#\\\/schema\\\/logo\\\/image\\\/\",\"url\":\"https:\\\/\\\/www.anseros.de\\\/wp-content\\\/uploads\\\/Anseros-monogram-2024-2.webp\",\"contentUrl\":\"https:\\\/\\\/www.anseros.de\\\/wp-content\\\/uploads\\\/Anseros-monogram-2024-2.webp\",\"width\":1067,\"height\":1060,\"caption\":\"Anseros Ozone Technologies\"},\"image\":{\"@id\":\"https:\\\/\\\/www.anseros.de\\\/#\\\/schema\\\/logo\\\/image\\\/\"}}]}<\/script>\n<!-- \/ Yoast SEO plugin. -->","yoast_head_json":{"title":"Investoren - Anseros Ozone Technologies","description":"Seien Sie Teil der Zukunft! Advanced Oxidation Processing (AOP) in Perfektion - ANSEROS bittet um Investitionsvorschl\u00e4ge.","robots":{"index":"index","follow":"follow","max-snippet":"max-snippet:-1","max-image-preview":"max-image-preview:large","max-video-preview":"max-video-preview:-1"},"canonical":"https:\/\/www.anseros.de\/de\/investoren\/","og_locale":"de_DE","og_type":"article","og_title":"Investoren - Anseros Ozone Technologies","og_description":"Seien Sie Teil der Zukunft! Advanced Oxidation Processing (AOP) in Perfektion - ANSEROS bittet um Investitionsvorschl\u00e4ge.","og_url":"https:\/\/www.anseros.de\/de\/investoren\/","og_site_name":"Anseros Ozone Technologies","article_modified_time":"2022-08-09T09:55:55+00:00","og_image":[{"width":1170,"height":600,"url":"https:\/\/www.anseros.de\/wp-content\/uploads\/2022\/04\/INVESTMENT.jpg","type":"image\/jpeg"}],"twitter_card":"summary_large_image","twitter_misc":{"Gesch\u00e4tzte Lesezeit":"1\u00a0Minute"},"schema":{"@context":"https:\/\/schema.org","@graph":[{"@type":"WebPage","@id":"https:\/\/www.anseros.de\/de\/investoren\/","url":"https:\/\/www.anseros.de\/de\/investoren\/","name":"Investoren - Anseros Ozone Technologies","isPartOf":{"@id":"https:\/\/www.anseros.de\/#website"},"primaryImageOfPage":{"@id":"https:\/\/www.anseros.de\/de\/investoren\/#primaryimage"},"image":{"@id":"https:\/\/www.anseros.de\/de\/investoren\/#primaryimage"},"thumbnailUrl":"https:\/\/www.anseros.de\/wp-content\/uploads\/2022\/04\/INVESTMENT.jpg","datePublished":"2022-04-10T13:17:17+00:00","dateModified":"2022-08-09T09:55:55+00:00","description":"Seien Sie Teil der Zukunft! Advanced Oxidation Processing (AOP) in Perfektion - ANSEROS bittet um Investitionsvorschl\u00e4ge.","breadcrumb":{"@id":"https:\/\/www.anseros.de\/de\/investoren\/#breadcrumb"},"inLanguage":"de","potentialAction":[{"@type":"ReadAction","target":["https:\/\/www.anseros.de\/de\/investoren\/"]}]},{"@type":"ImageObject","inLanguage":"de","@id":"https:\/\/www.anseros.de\/de\/investoren\/#primaryimage","url":"https:\/\/www.anseros.de\/wp-content\/uploads\/2022\/04\/INVESTMENT.jpg","contentUrl":"https:\/\/www.anseros.de\/wp-content\/uploads\/2022\/04\/INVESTMENT.jpg"},{"@type":"BreadcrumbList","@id":"https:\/\/www.anseros.de\/de\/investoren\/#breadcrumb","itemListElement":[{"@type":"ListItem","position":1,"name":"Start","item":"https:\/\/www.anseros.de\/de\/"},{"@type":"ListItem","position":2,"name":"Investoren"}]},{"@type":"WebSite","@id":"https:\/\/www.anseros.de\/#website","url":"https:\/\/www.anseros.de\/","name":"Anseros Ozone Technologies","description":"Pr\u00e4sentation der Anseros Produktpalette und Leistungen","publisher":{"@id":"https:\/\/www.anseros.de\/#organization"},"potentialAction":[{"@type":"SearchAction","target":{"@type":"EntryPoint","urlTemplate":"https:\/\/www.anseros.de\/?s={search_term_string}"},"query-input":{"@type":"PropertyValueSpecification","valueRequired":true,"valueName":"search_term_string"}}],"inLanguage":"de"},{"@type":"Organization","@id":"https:\/\/www.anseros.de\/#organization","name":"Anseros Ozone Technologies","url":"https:\/\/www.anseros.de\/","logo":{"@type":"ImageObject","inLanguage":"de","@id":"https:\/\/www.anseros.de\/#\/schema\/logo\/image\/","url":"https:\/\/www.anseros.de\/wp-content\/uploads\/Anseros-monogram-2024-2.webp","contentUrl":"https:\/\/www.anseros.de\/wp-content\/uploads\/Anseros-monogram-2024-2.webp","width":1067,"height":1060,"caption":"Anseros Ozone Technologies"},"image":{"@id":"https:\/\/www.anseros.de\/#\/schema\/logo\/image\/"}}]}},"_links":{"self":[{"href":"https:\/\/www.anseros.de\/de\/wp-json\/wp\/v2\/pages\/3319","targetHints":{"allow":["GET"]}}],"collection":[{"href":"https:\/\/www.anseros.de\/de\/wp-json\/wp\/v2\/pages"}],"about":[{"href":"https:\/\/www.anseros.de\/de\/wp-json\/wp\/v2\/types\/page"}],"author":[{"embeddable":true,"href":"https:\/\/www.anseros.de\/de\/wp-json\/wp\/v2\/users\/7"}],"replies":[{"embeddable":true,"href":"https:\/\/www.anseros.de\/de\/wp-json\/wp\/v2\/comments?post=3319"}],"version-history":[{"count":0,"href":"https:\/\/www.anseros.de\/de\/wp-json\/wp\/v2\/pages\/3319\/revisions"}],"wp:attachment":[{"href":"https:\/\/www.anseros.de\/de\/wp-json\/wp\/v2\/media?parent=3319"}],"curies":[{"name":"wp","href":"https:\/\/api.w.org\/{rel}","templated":true}]}}