{"id":3308,"date":"2022-04-10T15:13:48","date_gmt":"2022-04-10T13:13:48","guid":{"rendered":"https:\/\/www.anseros.de\/service-reparatur\/"},"modified":"2024-09-20T17:14:13","modified_gmt":"2024-09-20T15:14:13","slug":"service-reparatur","status":"publish","type":"page","link":"https:\/\/www.anseros.de\/de\/service-reparatur\/","title":{"rendered":"Service &#038; Reparatur"},"content":{"rendered":"\t\t<div data-elementor-type=\"wp-page\" data-elementor-id=\"3308\" class=\"elementor elementor-3308 elementor-956\" data-elementor-post-type=\"page\">\n\t\t\t\t<div class=\"elementor-element elementor-element-2d32761 e-flex e-con-boxed e-con e-parent\" data-id=\"2d32761\" data-element_type=\"container\" data-e-type=\"container\" data-settings=\"{&quot;background_background&quot;:&quot;classic&quot;}\">\n\t\t\t\t\t<div class=\"e-con-inner\">\n\t\t\t\t<div class=\"elementor-element elementor-element-e46edce elementor-widget-mobile__width-inherit elementor-widget elementor-widget-breadcrumbs\" data-id=\"e46edce\" data-element_type=\"widget\" data-e-type=\"widget\" data-widget_type=\"breadcrumbs.default\">\n\t\t\t\t<div class=\"elementor-widget-container\">\n\t\t\t\t\t<p id=\"breadcrumbs\"><span><span><a href=\"https:\/\/www.anseros.de\/de\/\">Start<\/a><\/span><\/span><\/p>\t\t\t\t<\/div>\n\t\t\t\t<\/div>\n\t\t\t\t\t<\/div>\n\t\t\t\t<\/div>\n\t\t<div class=\"elementor-element elementor-element-e95862d e-flex e-con-boxed elementor-invisible e-con e-parent\" data-id=\"e95862d\" data-element_type=\"container\" data-e-type=\"container\" data-settings=\"{&quot;animation&quot;:&quot;fadeInUp&quot;}\">\n\t\t\t\t\t<div class=\"e-con-inner\">\n\t\t<div class=\"elementor-element elementor-element-80a1507 e-con-full e-flex elementor-invisible e-con e-child\" data-id=\"80a1507\" data-element_type=\"container\" data-e-type=\"container\" data-settings=\"{&quot;animation&quot;:&quot;fadeInUp&quot;}\">\n\t\t\t\t<div class=\"elementor-element elementor-element-2b65183 elementor-widget elementor-widget-image\" data-id=\"2b65183\" data-element_type=\"widget\" data-e-type=\"widget\" data-widget_type=\"image.default\">\n\t\t\t\t<div class=\"elementor-widget-container\">\n\t\t\t\t\t\t\t\t\t\t\t\t\t\t\t<img fetchpriority=\"high\" decoding=\"async\" src=\"https:\/\/www.anseros.de\/wp-content\/uploads\/elementor\/thumbs\/ANSEROS-international-services-rcm9i4l1uxsj00ivxfwo6i86o26qcx41trzalmarvk.webp\" alt=\"ANSEROS international services\" title=\"ANSEROS international services\" width=\"600\" height=\"400\" \/>\t\t\t\t\t\t\t\t\t\t\t\t\t\t\t<\/div>\n\t\t\t\t<\/div>\n\t\t\t\t<\/div>\n\t\t<div class=\"elementor-element elementor-element-6d1c8f8 e-con-full e-flex elementor-invisible e-con e-child\" data-id=\"6d1c8f8\" data-element_type=\"container\" data-e-type=\"container\" data-settings=\"{&quot;animation&quot;:&quot;fadeInUp&quot;}\">\n\t\t<div class=\"elementor-element elementor-element-5c4103c e-con-full e-flex e-con e-child\" data-id=\"5c4103c\" data-element_type=\"container\" data-e-type=\"container\">\n\t\t\t\t<div class=\"elementor-element elementor-element-e31cdd8 elementor-widget__width-inherit elementor-widget elementor-widget-heading\" data-id=\"e31cdd8\" data-element_type=\"widget\" data-e-type=\"widget\" data-widget_type=\"heading.default\">\n\t\t\t\t<div class=\"elementor-widget-container\">\n\t\t\t\t\t<h1 class=\"elementor-heading-title elementor-size-default\">Service &amp; Reparatur<\/h1>\t\t\t\t<\/div>\n\t\t\t\t<\/div>\n\t\t<div class=\"elementor-element elementor-element-8a1a2c1 e-con-full e-flex e-con e-child\" data-id=\"8a1a2c1\" data-element_type=\"container\" data-e-type=\"container\">\n\t\t\t\t<div class=\"elementor-element elementor-element-bb2e079 elementor-widget elementor-widget-text-editor\" data-id=\"bb2e079\" data-element_type=\"widget\" data-e-type=\"widget\" data-widget_type=\"text-editor.default\">\n\t\t\t\t<div class=\"elementor-widget-container\">\n\t\t\t\t\t\t\t\t\t<p><strong>Langlebigkeit, Reparaturf\u00e4higkeit, Nachhaltigkeit \u2013 Qualit\u00e4tsmerkmale von Anseros-Ger\u00e4ten<\/strong><\/p>\t\t\t\t\t\t\t\t<\/div>\n\t\t\t\t<\/div>\n\t\t\t\t<div class=\"elementor-element elementor-element-57e759f elementor-widget elementor-widget-text-editor\" data-id=\"57e759f\" data-element_type=\"widget\" data-e-type=\"widget\" data-widget_type=\"text-editor.default\">\n\t\t\t\t<div class=\"elementor-widget-container\">\n\t\t\t\t\t\t\t\t\t<p>Anseros-Ger\u00e4te und -Systeme sind f\u00fcr eine lange Lebensdauer gebaut. Sie sind f\u00fcr den Dauerbetrieb konzipiert. Zu unserer Philosophie geh\u00f6rt die Reparaturm\u00f6glichkeit ebenso wie die Versorgung mit Verbrauchsmaterialien und Ersatzteilen. Diesen Service bieten wir international an. Zum Einsatz kommen ausschlie\u00dflich langfristig verf\u00fcgbare Markenprodukte und hochwertige Komponenten. Bei Bedarf k\u00f6nnen Anseros-Kunden Unterst\u00fctzung bei den Prozesszyklen ihrer Anwendungen sowie bei allgemeinen wissenschaftlichen Fragen, insbesondere im Bereich der akademischen Forschung, erwarten.<\/p>\t\t\t\t\t\t\t\t<\/div>\n\t\t\t\t<\/div>\n\t\t\t\t<\/div>\n\t\t\t\t<\/div>\n\t\t\t\t<\/div>\n\t\t\t\t\t<\/div>\n\t\t\t\t<\/div>\n\t\t<div class=\"elementor-element elementor-element-2fde567 e-flex e-con-boxed elementor-invisible e-con e-parent\" data-id=\"2fde567\" data-element_type=\"container\" data-e-type=\"container\" data-settings=\"{&quot;animation&quot;:&quot;fadeInUp&quot;}\">\n\t\t\t\t\t<div class=\"e-con-inner\">\n\t\t<div class=\"elementor-element elementor-element-558328d e-con-full e-flex e-con e-child\" data-id=\"558328d\" data-element_type=\"container\" data-e-type=\"container\">\n\t\t<div class=\"elementor-element elementor-element-5f46fb3 e-con-full e-flex e-con e-child\" data-id=\"5f46fb3\" data-element_type=\"container\" data-e-type=\"container\">\n\t\t\t\t<div class=\"elementor-element elementor-element-5e18750 elementor-widget__width-inherit elementor-widget elementor-widget-heading\" data-id=\"5e18750\" data-element_type=\"widget\" data-e-type=\"widget\" data-widget_type=\"heading.default\">\n\t\t\t\t<div class=\"elementor-widget-container\">\n\t\t\t\t\t<h2 class=\"elementor-heading-title elementor-size-default\"> Anseros <br>Internationale Dienstleistungen<\/h2>\t\t\t\t<\/div>\n\t\t\t\t<\/div>\n\t\t<div class=\"elementor-element elementor-element-9dcd198 e-con-full e-flex e-con e-child\" data-id=\"9dcd198\" data-element_type=\"container\" data-e-type=\"container\">\n\t\t\t\t<div class=\"elementor-element elementor-element-c4b1fb9 elementor-widget elementor-widget-text-editor\" data-id=\"c4b1fb9\" data-element_type=\"widget\" data-e-type=\"widget\" data-widget_type=\"text-editor.default\">\n\t\t\t\t<div class=\"elementor-widget-container\">\n\t\t\t\t\t\t\t\t\t<p><strong>Professionelles Engineering zu Ihrer Verf\u00fcgung<\/strong><\/p>\t\t\t\t\t\t\t\t<\/div>\n\t\t\t\t<\/div>\n\t\t\t\t<div class=\"elementor-element elementor-element-236ea11 elementor-widget elementor-widget-text-editor\" data-id=\"236ea11\" data-element_type=\"widget\" data-e-type=\"widget\" data-widget_type=\"text-editor.default\">\n\t\t\t\t<div class=\"elementor-widget-container\">\n\t\t\t\t\t\t\t\t\t<p>Anseros legt Wert auf langfristige Gesch\u00e4ftsbeziehungen. Wir haben unseren Engineering-Personalbestand aufgestockt, um den Anforderungen an weltweiten Vor-Ort-Service und Beratung gerecht zu werden.<\/p><p>In Absprache mit dem Kunden bietet Anseros folgende Dienstleistungen an:<\/p><ul><li>Ausstellung von Pr\u00fcfzertifikaten<\/li><li>Durchf\u00fchrung von Alterungstests an Gummiteilen<\/li><li>Pilotversuche, auch vor Ort<\/li><li>Reparatur von Anseros-Ger\u00e4ten<\/li><li>Wartung von Anseros-Ger\u00e4ten und -Systemen weltweit<\/li><li>Lieferung von Original-Ersatzteilen<\/li><li>Individuelle Entwicklung ma\u00dfgeschneiderter Produkte und Systeme, auch bei anspruchsvollen Sonderanforderungen<\/li><li>R &amp; D-Partner f\u00fcr Forschungsprojekte<\/li><li>Ausbildung, Training, Testbetrieb, Factory Acceptance Tests<\/li><li>AOP Engineering<\/li><li>Individuelle Softwareentwicklung f\u00fcr SIEMENS S7-300<\/li><li>Anwendungsorientierte Beratung<\/li><\/ul>\t\t\t\t\t\t\t\t<\/div>\n\t\t\t\t<\/div>\n\t\t\t\t<\/div>\n\t\t\t\t<\/div>\n\t\t\t\t<\/div>\n\t\t<div class=\"elementor-element elementor-element-e11d409 e-con-full e-flex e-con e-child\" data-id=\"e11d409\" data-element_type=\"container\" data-e-type=\"container\">\n\t\t\t\t<div class=\"elementor-element elementor-element-8edb782 elementor-widget elementor-widget-image\" data-id=\"8edb782\" data-element_type=\"widget\" data-e-type=\"widget\" data-widget_type=\"image.default\">\n\t\t\t\t<div class=\"elementor-widget-container\">\n\t\t\t\t\t\t\t\t\t\t\t\t\t\t\t<img decoding=\"async\" src=\"https:\/\/www.anseros.de\/wp-content\/uploads\/elementor\/thumbs\/ANSEROS-ultrapure-ozone-water-treatment-system-PAP-SC-3000-3-rcm9i6gq8lx39b55sq3j6d657ai68x8nl8ionj2e6k.webp\" alt=\"ANSEROS ultrapure ozone water treatment system PAP-SC-3000 -3\" title=\"ANSEROS ultrapure ozone water treatment system PAP-SC-3000 -3\" width=\"600\" height=\"750\" \/>\t\t\t\t\t\t\t\t\t\t\t\t\t\t\t<\/div>\n\t\t\t\t<\/div>\n\t\t\t\t<\/div>\n\t\t\t\t\t<\/div>\n\t\t\t\t<\/div>\n\t\t\t\t<\/div>\n\t\t","protected":false},"excerpt":{"rendered":"<p>Service &#038; Reparatur Langlebigkeit, Reparaturf\u00e4higkeit, Nachhaltigkeit \u2013 Qualit\u00e4tsmerkmale von Anseros-Ger\u00e4ten Anseros-Ger\u00e4te und -Systeme sind f\u00fcr eine lange Lebensdauer gebaut. Sie sind f\u00fcr den Dauerbetrieb konzipiert. Zu unserer Philosophie geh\u00f6rt die Reparaturm\u00f6glichkeit ebenso wie die Versorgung mit Verbrauchsmaterialien und Ersatzteilen. Diesen Service bieten wir international an. Zum Einsatz kommen ausschlie\u00dflich langfristig verf\u00fcgbare Markenprodukte und hochwertige Komponenten. [&hellip;]<\/p>\n","protected":false},"author":7,"featured_media":0,"parent":0,"menu_order":0,"comment_status":"closed","ping_status":"closed","template":"","meta":{"_acf_changed":false,"footnotes":""},"class_list":["post-3308","page","type-page","status-publish","hentry"],"acf":[],"yoast_head":"<!-- This site is optimized with the Yoast SEO plugin v27.5 - https:\/\/yoast.com\/product\/yoast-seo-wordpress\/ -->\n<title>Service &amp; Reparatur - Anseros Ozone Technologies<\/title>\n<meta name=\"description\" content=\"Langlebigkeit, Reparierbarkeit, Nachhaltigkeit \u2013 Qualit\u00e4tseigenschaften von Anseros-Ger\u00e4ten\" \/>\n<meta name=\"robots\" content=\"index, follow, max-snippet:-1, max-image-preview:large, max-video-preview:-1\" \/>\n<link rel=\"canonical\" href=\"https:\/\/www.anseros.de\/de\/service-reparatur\/\" \/>\n<meta property=\"og:locale\" content=\"de_DE\" \/>\n<meta property=\"og:type\" content=\"article\" \/>\n<meta property=\"og:title\" content=\"Service &amp; Reparatur - Anseros Ozone Technologies\" \/>\n<meta property=\"og:description\" content=\"Langlebigkeit, Reparierbarkeit, Nachhaltigkeit \u2013 Qualit\u00e4tseigenschaften von Anseros-Ger\u00e4ten\" \/>\n<meta property=\"og:url\" content=\"https:\/\/www.anseros.de\/de\/service-reparatur\/\" \/>\n<meta property=\"og:site_name\" content=\"Anseros Ozone Technologies\" \/>\n<meta property=\"article:modified_time\" content=\"2024-09-20T15:14:13+00:00\" \/>\n<meta property=\"og:image\" content=\"https:\/\/www.anseros.de\/wp-content\/uploads\/elementor\/thumbs\/ANSEROS-international-services-qspc3zjrbzq32zih2vadrs296vta883ouyptb6oihs.webp\" \/>\n<meta name=\"twitter:card\" content=\"summary_large_image\" \/>\n<meta name=\"twitter:label1\" content=\"Gesch\u00e4tzte Lesezeit\" \/>\n\t<meta name=\"twitter:data1\" content=\"2\u00a0Minuten\" \/>\n<script type=\"application\/ld+json\" class=\"yoast-schema-graph\">{\"@context\":\"https:\\\/\\\/schema.org\",\"@graph\":[{\"@type\":\"WebPage\",\"@id\":\"https:\\\/\\\/www.anseros.de\\\/de\\\/service-reparatur\\\/\",\"url\":\"https:\\\/\\\/www.anseros.de\\\/de\\\/service-reparatur\\\/\",\"name\":\"Service & Reparatur - Anseros Ozone Technologies\",\"isPartOf\":{\"@id\":\"https:\\\/\\\/www.anseros.de\\\/#website\"},\"primaryImageOfPage\":{\"@id\":\"https:\\\/\\\/www.anseros.de\\\/de\\\/service-reparatur\\\/#primaryimage\"},\"image\":{\"@id\":\"https:\\\/\\\/www.anseros.de\\\/de\\\/service-reparatur\\\/#primaryimage\"},\"thumbnailUrl\":\"https:\\\/\\\/www.anseros.de\\\/wp-content\\\/uploads\\\/elementor\\\/thumbs\\\/ANSEROS-international-services-qspc3zjrbzq32zih2vadrs296vta883ouyptb6oihs.webp\",\"datePublished\":\"2022-04-10T13:13:48+00:00\",\"dateModified\":\"2024-09-20T15:14:13+00:00\",\"description\":\"Langlebigkeit, Reparierbarkeit, Nachhaltigkeit \u2013 Qualit\u00e4tseigenschaften von Anseros-Ger\u00e4ten\",\"breadcrumb\":{\"@id\":\"https:\\\/\\\/www.anseros.de\\\/de\\\/service-reparatur\\\/#breadcrumb\"},\"inLanguage\":\"de\",\"potentialAction\":[{\"@type\":\"ReadAction\",\"target\":[\"https:\\\/\\\/www.anseros.de\\\/de\\\/service-reparatur\\\/\"]}]},{\"@type\":\"ImageObject\",\"inLanguage\":\"de\",\"@id\":\"https:\\\/\\\/www.anseros.de\\\/de\\\/service-reparatur\\\/#primaryimage\",\"url\":\"https:\\\/\\\/www.anseros.de\\\/wp-content\\\/uploads\\\/elementor\\\/thumbs\\\/ANSEROS-international-services-qspc3zjrbzq32zih2vadrs296vta883ouyptb6oihs.webp\",\"contentUrl\":\"https:\\\/\\\/www.anseros.de\\\/wp-content\\\/uploads\\\/elementor\\\/thumbs\\\/ANSEROS-international-services-qspc3zjrbzq32zih2vadrs296vta883ouyptb6oihs.webp\"},{\"@type\":\"BreadcrumbList\",\"@id\":\"https:\\\/\\\/www.anseros.de\\\/de\\\/service-reparatur\\\/#breadcrumb\",\"itemListElement\":[{\"@type\":\"ListItem\",\"position\":1,\"name\":\"Start\",\"item\":\"https:\\\/\\\/www.anseros.de\\\/de\\\/\"},{\"@type\":\"ListItem\",\"position\":2,\"name\":\"Service &#038; Reparatur\"}]},{\"@type\":\"WebSite\",\"@id\":\"https:\\\/\\\/www.anseros.de\\\/#website\",\"url\":\"https:\\\/\\\/www.anseros.de\\\/\",\"name\":\"Anseros Ozone Technologies\",\"description\":\"Pr\u00e4sentation der Anseros Produktpalette und Leistungen\",\"publisher\":{\"@id\":\"https:\\\/\\\/www.anseros.de\\\/#organization\"},\"potentialAction\":[{\"@type\":\"SearchAction\",\"target\":{\"@type\":\"EntryPoint\",\"urlTemplate\":\"https:\\\/\\\/www.anseros.de\\\/?s={search_term_string}\"},\"query-input\":{\"@type\":\"PropertyValueSpecification\",\"valueRequired\":true,\"valueName\":\"search_term_string\"}}],\"inLanguage\":\"de\"},{\"@type\":\"Organization\",\"@id\":\"https:\\\/\\\/www.anseros.de\\\/#organization\",\"name\":\"Anseros Ozone Technologies\",\"url\":\"https:\\\/\\\/www.anseros.de\\\/\",\"logo\":{\"@type\":\"ImageObject\",\"inLanguage\":\"de\",\"@id\":\"https:\\\/\\\/www.anseros.de\\\/#\\\/schema\\\/logo\\\/image\\\/\",\"url\":\"https:\\\/\\\/www.anseros.de\\\/wp-content\\\/uploads\\\/Anseros-monogram-2024-2.webp\",\"contentUrl\":\"https:\\\/\\\/www.anseros.de\\\/wp-content\\\/uploads\\\/Anseros-monogram-2024-2.webp\",\"width\":1067,\"height\":1060,\"caption\":\"Anseros Ozone Technologies\"},\"image\":{\"@id\":\"https:\\\/\\\/www.anseros.de\\\/#\\\/schema\\\/logo\\\/image\\\/\"}}]}<\/script>\n<!-- \/ Yoast SEO plugin. -->","yoast_head_json":{"title":"Service & Reparatur - Anseros Ozone Technologies","description":"Langlebigkeit, Reparierbarkeit, Nachhaltigkeit \u2013 Qualit\u00e4tseigenschaften von Anseros-Ger\u00e4ten","robots":{"index":"index","follow":"follow","max-snippet":"max-snippet:-1","max-image-preview":"max-image-preview:large","max-video-preview":"max-video-preview:-1"},"canonical":"https:\/\/www.anseros.de\/de\/service-reparatur\/","og_locale":"de_DE","og_type":"article","og_title":"Service & Reparatur - Anseros Ozone Technologies","og_description":"Langlebigkeit, Reparierbarkeit, Nachhaltigkeit \u2013 Qualit\u00e4tseigenschaften von Anseros-Ger\u00e4ten","og_url":"https:\/\/www.anseros.de\/de\/service-reparatur\/","og_site_name":"Anseros Ozone Technologies","article_modified_time":"2024-09-20T15:14:13+00:00","og_image":[{"url":"https:\/\/www.anseros.de\/wp-content\/uploads\/elementor\/thumbs\/ANSEROS-international-services-qspc3zjrbzq32zih2vadrs296vta883ouyptb6oihs.webp","type":"","width":"","height":""}],"twitter_card":"summary_large_image","twitter_misc":{"Gesch\u00e4tzte Lesezeit":"2\u00a0Minuten"},"schema":{"@context":"https:\/\/schema.org","@graph":[{"@type":"WebPage","@id":"https:\/\/www.anseros.de\/de\/service-reparatur\/","url":"https:\/\/www.anseros.de\/de\/service-reparatur\/","name":"Service & Reparatur - Anseros Ozone Technologies","isPartOf":{"@id":"https:\/\/www.anseros.de\/#website"},"primaryImageOfPage":{"@id":"https:\/\/www.anseros.de\/de\/service-reparatur\/#primaryimage"},"image":{"@id":"https:\/\/www.anseros.de\/de\/service-reparatur\/#primaryimage"},"thumbnailUrl":"https:\/\/www.anseros.de\/wp-content\/uploads\/elementor\/thumbs\/ANSEROS-international-services-qspc3zjrbzq32zih2vadrs296vta883ouyptb6oihs.webp","datePublished":"2022-04-10T13:13:48+00:00","dateModified":"2024-09-20T15:14:13+00:00","description":"Langlebigkeit, Reparierbarkeit, Nachhaltigkeit \u2013 Qualit\u00e4tseigenschaften von Anseros-Ger\u00e4ten","breadcrumb":{"@id":"https:\/\/www.anseros.de\/de\/service-reparatur\/#breadcrumb"},"inLanguage":"de","potentialAction":[{"@type":"ReadAction","target":["https:\/\/www.anseros.de\/de\/service-reparatur\/"]}]},{"@type":"ImageObject","inLanguage":"de","@id":"https:\/\/www.anseros.de\/de\/service-reparatur\/#primaryimage","url":"https:\/\/www.anseros.de\/wp-content\/uploads\/elementor\/thumbs\/ANSEROS-international-services-qspc3zjrbzq32zih2vadrs296vta883ouyptb6oihs.webp","contentUrl":"https:\/\/www.anseros.de\/wp-content\/uploads\/elementor\/thumbs\/ANSEROS-international-services-qspc3zjrbzq32zih2vadrs296vta883ouyptb6oihs.webp"},{"@type":"BreadcrumbList","@id":"https:\/\/www.anseros.de\/de\/service-reparatur\/#breadcrumb","itemListElement":[{"@type":"ListItem","position":1,"name":"Start","item":"https:\/\/www.anseros.de\/de\/"},{"@type":"ListItem","position":2,"name":"Service &#038; Reparatur"}]},{"@type":"WebSite","@id":"https:\/\/www.anseros.de\/#website","url":"https:\/\/www.anseros.de\/","name":"Anseros Ozone Technologies","description":"Pr\u00e4sentation der Anseros Produktpalette und Leistungen","publisher":{"@id":"https:\/\/www.anseros.de\/#organization"},"potentialAction":[{"@type":"SearchAction","target":{"@type":"EntryPoint","urlTemplate":"https:\/\/www.anseros.de\/?s={search_term_string}"},"query-input":{"@type":"PropertyValueSpecification","valueRequired":true,"valueName":"search_term_string"}}],"inLanguage":"de"},{"@type":"Organization","@id":"https:\/\/www.anseros.de\/#organization","name":"Anseros Ozone Technologies","url":"https:\/\/www.anseros.de\/","logo":{"@type":"ImageObject","inLanguage":"de","@id":"https:\/\/www.anseros.de\/#\/schema\/logo\/image\/","url":"https:\/\/www.anseros.de\/wp-content\/uploads\/Anseros-monogram-2024-2.webp","contentUrl":"https:\/\/www.anseros.de\/wp-content\/uploads\/Anseros-monogram-2024-2.webp","width":1067,"height":1060,"caption":"Anseros Ozone Technologies"},"image":{"@id":"https:\/\/www.anseros.de\/#\/schema\/logo\/image\/"}}]}},"_links":{"self":[{"href":"https:\/\/www.anseros.de\/de\/wp-json\/wp\/v2\/pages\/3308","targetHints":{"allow":["GET"]}}],"collection":[{"href":"https:\/\/www.anseros.de\/de\/wp-json\/wp\/v2\/pages"}],"about":[{"href":"https:\/\/www.anseros.de\/de\/wp-json\/wp\/v2\/types\/page"}],"author":[{"embeddable":true,"href":"https:\/\/www.anseros.de\/de\/wp-json\/wp\/v2\/users\/7"}],"replies":[{"embeddable":true,"href":"https:\/\/www.anseros.de\/de\/wp-json\/wp\/v2\/comments?post=3308"}],"version-history":[{"count":0,"href":"https:\/\/www.anseros.de\/de\/wp-json\/wp\/v2\/pages\/3308\/revisions"}],"wp:attachment":[{"href":"https:\/\/www.anseros.de\/de\/wp-json\/wp\/v2\/media?parent=3308"}],"curies":[{"name":"wp","href":"https:\/\/api.w.org\/{rel}","templated":true}]}}