{"id":3283,"date":"2022-04-10T15:19:25","date_gmt":"2022-04-10T13:19:25","guid":{"rendered":"https:\/\/www.anseros.de\/haftungsausschluss\/"},"modified":"2024-08-21T16:15:58","modified_gmt":"2024-08-21T14:15:58","slug":"haftungsausschluss","status":"publish","type":"page","link":"https:\/\/www.anseros.de\/de\/haftungsausschluss\/","title":{"rendered":"Haftungsausschluss"},"content":{"rendered":"\t\t<div data-elementor-type=\"wp-page\" data-elementor-id=\"3283\" class=\"elementor elementor-3283 elementor-970\" data-elementor-post-type=\"page\">\n\t\t\t\t<div class=\"elementor-element elementor-element-7d6e4ff e-flex e-con-boxed e-con e-parent\" data-id=\"7d6e4ff\" data-element_type=\"container\" data-e-type=\"container\" data-settings=\"{&quot;background_background&quot;:&quot;classic&quot;}\">\n\t\t\t\t\t<div class=\"e-con-inner\">\n\t\t\t\t<div class=\"elementor-element elementor-element-00ccc84 elementor-widget-mobile__width-inherit elementor-widget elementor-widget-breadcrumbs\" data-id=\"00ccc84\" data-element_type=\"widget\" data-e-type=\"widget\" data-widget_type=\"breadcrumbs.default\">\n\t\t\t\t<div class=\"elementor-widget-container\">\n\t\t\t\t\t<p id=\"breadcrumbs\"><span><span><a href=\"https:\/\/www.anseros.de\/de\/\">Start<\/a><\/span><\/span><\/p>\t\t\t\t<\/div>\n\t\t\t\t<\/div>\n\t\t\t\t\t<\/div>\n\t\t\t\t<\/div>\n\t\t<div class=\"elementor-element elementor-element-063b6ae e-flex e-con-boxed e-con e-parent\" data-id=\"063b6ae\" data-element_type=\"container\" data-e-type=\"container\">\n\t\t\t\t\t<div class=\"e-con-inner\">\n\t\t\t\t<div class=\"elementor-element elementor-element-0a85578 elementor-widget__width-inherit elementor-widget elementor-widget-heading\" data-id=\"0a85578\" data-element_type=\"widget\" data-e-type=\"widget\" data-widget_type=\"heading.default\">\n\t\t\t\t<div class=\"elementor-widget-container\">\n\t\t\t\t\t<h1 class=\"elementor-heading-title elementor-size-xl\">Haftungsausschluss<\/h1>\t\t\t\t<\/div>\n\t\t\t\t<\/div>\n\t\t\t\t\t<\/div>\n\t\t\t\t<\/div>\n\t\t<div class=\"elementor-element elementor-element-725d323 e-flex e-con-boxed e-con e-parent\" data-id=\"725d323\" data-element_type=\"container\" data-e-type=\"container\">\n\t\t\t\t\t<div class=\"e-con-inner\">\n\t\t<div class=\"elementor-element elementor-element-02b4182 e-con-full e-flex e-con e-child\" data-id=\"02b4182\" data-element_type=\"container\" data-e-type=\"container\">\n\t\t\t\t<div class=\"elementor-element elementor-element-ac52fbb elementor-widget elementor-widget-text-editor\" data-id=\"ac52fbb\" data-element_type=\"widget\" data-e-type=\"widget\" data-widget_type=\"text-editor.default\">\n\t\t\t\t<div class=\"elementor-widget-container\">\n\t\t\t\t\t\t\t\t\t<p>Die Informationen auf unseren Webseiten sind konzipiert und bestimmt f\u00fcr eine Nutzung in den Gebieten der Europ\u00e4ischen Union, des Europ\u00e4ischen Wirtschaftsraumes und der Schweiz. Die Nutzung erfolgt nach Ma\u00dfgabe der folgenden Bestimmungen:<\/p><p><b style=\"text-align: var(--text-align); color: var( --e-global-color-text );\">Allgemeines<\/b><\/p><p>Wir stellen auf diesen Seiten verschiedene Informationen und Daten (fortan: Inhalte) zur Verf\u00fcgung, die wir fortlaufend pr\u00fcfen und aktualisieren. Trotz aller Sorgfalt k\u00f6nnen sich die diesen Inhalten zugrunde liegenden Informationen und Daten inzwischen ver\u00e4ndert haben. Eine Haftung oder Garantie f\u00fcr die Aktualit\u00e4t, Richtigkeit, Vollst\u00e4ndigkeit oder Nutzbarkeit der zur Verf\u00fcgung gestellten Inhalte kann nicht \u00fcbernommen werden.<\/p><p><b>Haftung f\u00fcr Inhalte<\/b><br \/>Wir \u00fcbernehmen keine Verantwortung daf\u00fcr, dass Inhalte auch von Orten au\u00dferhalb Deutschlands abgerufen oder herunter geladen werden k\u00f6nnen und d\u00fcrfen. Wenn Nutzer von au\u00dferhalb Deutschlands auf Inhalte zugreifen, sind sie ausschlie\u00dflich selbst f\u00fcr die Einhaltung der nach dem jeweiligen nationalen Recht einschl\u00e4gigen Vorschriften verantwortlich. Der Zugang zu Inhalten von L\u00e4ndern aus, in denen dieser Zugang rechtswidrig ist, ist nicht gestattet.<\/p><p>Als Telemediendienstanbieter sind wir gem\u00e4\u00df \u00a7 7 Abs. 1 TMG f\u00fcr eigene Inhalte auf diesen Seiten nach den allgemeinen Gesetzen verantwortlich. Nach \u00a7\u00a7 8 bis 10 TMG sind wir als Anbieter jedoch nicht verpflichtet, \u00fcbermittelte oder gespeicherte fremde Inhalte zu \u00fcberwachen oder nach Umst\u00e4nden zu forschen, die auf eine rechtswidrige T\u00e4tigkeit hinweisen. Verpflichtungen zur Entfernung oder Sperrung der Nutzung von Inhalten nach den allgemeinen Gesetzen bleiben hiervon unber\u00fchrt. Eine diesbez\u00fcgliche Haftung kommt jedoch erst ab dem Zeitpunkt der Kenntnis einer konkreten Rechtsverletzung in Betracht. Bei Bekanntwerden von entsprechenden Rechtsverletzungen werden wir diese Inhalte umgehend entfernen.<\/p><p><b>Haftung f\u00fcr Links<\/b><br \/>Wir sind f\u00fcr die Inhalte von Webseiten Dritter, auf die mittels Hyperlinks oder \u00e4hnlicher Verbindung verwiesen wird, nicht verantwortlich, da wir auf derlei Inhalte keinen Einfluss haben. F\u00fcr die Inhalte der verlinkten Seiten ist stets der jeweilige Anbieter oder Betreiber der Seiten verantwortlich. Die verlinkten Seiten wurden zum Zeitpunkt der Verlinkung auf m\u00f6gliche Rechtsverst\u00f6\u00dfe \u00fcberpr\u00fcft. Rechtswidrige Inhalte waren zum Zeitpunkt der Verlinkung nicht erkennbar. Eine permanente inhaltliche Kontrolle der verlinkten Seiten ist ohne konkrete Anhaltspunkte einer Rechtsverletzung nicht zumutbar. Bei Bekanntwerden von Rechtsverletzungen werden wir derartige Links umgehend entfernen.<\/p><p><b>Verbot kommerzieller Nutzung und Verwertung<\/b><br \/>Die Nutzung sowie das Herunterladen der Inhalte unserer Webseiten sind ausschlie\u00dflich zu privaten, nicht-kommerziellen Zwecken gestattet. Dar\u00fcber hinausgehende Reproduktionen und Nutzungen sind untersagt und werden zivil- und strafrechtlich verfolgt.<\/p><p><b>Geistiges Eigentum<\/b><br \/>Die bei uns liegenden Rechte des geistigen Eigentums \u2013 wie z.B. das Urheberrecht f\u00fcr ver\u00f6ffentlichte, von uns selbst erstellte Objekte auf unseren Seiten \u2013 verbleiben allein bei uns. Eine Vervielf\u00e4ltigung und\/oder Bearbeitung und\/oder Verbreitung und\/oder jedwede (sonstige) Verwertung solcher Objekte (z.B. Bilder, Grafiken, Design, Tondokumente, Videosequenzen, Programme und Texte) in anderen elektronischen oder gedruckten Publikationen ist ohne unsere ausdr\u00fcckliche schriftliche Zustimmung nicht gestattet. Soweit die Rechte des geistigen Eigentums bei Dritten liegen, bedarf es der ausdr\u00fccklichen schriftlichen Zustimmung des jeweiligen Rechteinhabers (z.B. Autors, Fotografen, Programmierers oder sonstigen Erstellers).<br \/>Soweit die Inhalte auf unseren Seiten nicht von uns selbst erstellt sind, werden die geistigen Eigentumsrechte Dritter beachtet. Insbesondere werden Inhalte Dritter als solche gekennzeichnet. Sollten Sie trotzdem auf eine Verletzung von Rechten des geistigen Eigentums aufmerksam werden, bitten wir um einen entsprechenden Hinweis. Bei Bekanntwerden von Rechtsverletzungen werden wir derartige Inhalte umgehend entfernen.<\/p><p><b>Diensteinstellung<\/b><br \/>Wir behalten uns ausdr\u00fccklich vor, unsere Webseiten ohne gesonderte Ank\u00fcndigung zu ver\u00e4ndern, zu erg\u00e4nzen, zu l\u00f6schen oder die Ver\u00f6ffentlichung zeitweise oder endg\u00fcltig einzustellen oder deren URL zu \u00e4ndern.<\/p><p><b>Widerspruch gegen Werbe-Mails<\/b><br \/>Der Nutzung von im Rahmen der Impressumspflicht ver\u00f6ffentlichten Kontaktdaten zur \u00dcbersendung von nicht ausdr\u00fccklich angeforderter Werbung und Informationsmaterialien wird hiermit widersprochen. Wir behalten uns ausdr\u00fccklich rechtliche Schritte im Falle der unverlangten Zusendung von Werbeinformationen, etwa durch Spam-E-Mails, vor.<\/p><p><b>Sonstiges<\/b><br \/>Sofern Teile oder einzelne Formulierungen dieser Nutzungsbedingungen der geltenden Rechtslage nicht, nicht mehr oder nicht vollst\u00e4ndig entsprechen sollten, bleiben die \u00fcbrigen Teile der Nutzungsbestimmungen in ihrem Inhalt und in ihrer G\u00fcltigkeit davon unber\u00fchrt. F\u00fcr rechtliche Streitigkeiten im Zusammenhang mit der Nutzung unserer Telemediendienste gilt deutsches Recht (unter Ausschluss des UN-Kaufrechts), dies auch dann, wenn die Dienste in einem anderen Staat innerhalb der Europ\u00e4ischen Union oder des Europ\u00e4ischen Wirtschaftsraumes gesch\u00e4ftsm\u00e4\u00dfig angeboten oder erbracht werden, soweit sich nicht aus den Regeln des Internationalen Privatrechts etwas anderes ergibt. Gerichtsstand ist Stuttgart.<\/p><p>\u00a9 Anseros Klaus Nonnenmacher GmbH. Alle Rechte vorbehalten.<\/p>\t\t\t\t\t\t\t\t<\/div>\n\t\t\t\t<\/div>\n\t\t\t\t<\/div>\n\t\t\t\t\t<\/div>\n\t\t\t\t<\/div>\n\t\t\t\t<\/div>\n\t\t","protected":false},"excerpt":{"rendered":"<p>Haftungsausschluss Die Informationen auf unseren Webseiten sind konzipiert und bestimmt f\u00fcr eine Nutzung in den Gebieten der Europ\u00e4ischen Union, des Europ\u00e4ischen Wirtschaftsraumes und der Schweiz. Die Nutzung erfolgt nach Ma\u00dfgabe der folgenden Bestimmungen: Allgemeines Wir stellen auf diesen Seiten verschiedene Informationen und Daten (fortan: Inhalte) zur Verf\u00fcgung, die wir fortlaufend pr\u00fcfen und aktualisieren. Trotz aller [&hellip;]<\/p>\n","protected":false},"author":7,"featured_media":0,"parent":0,"menu_order":0,"comment_status":"closed","ping_status":"closed","template":"","meta":{"_acf_changed":false,"footnotes":""},"class_list":["post-3283","page","type-page","status-publish","hentry"],"acf":[],"yoast_head":"<!-- This site is optimized with the Yoast SEO plugin v27.1.1 - https:\/\/yoast.com\/product\/yoast-seo-wordpress\/ -->\n<title>Haftungsausschluss - Anseros Ozone Technologies<\/title>\n<meta name=\"description\" content=\"Haftungsausschluss f\u00fcr die ANSEROS-Webseiten: Haftung, Eigentumsrechte, Widerspruch gegen Werbemails, Sonstiges und mehr.\" \/>\n<meta name=\"robots\" content=\"index, follow, max-snippet:-1, max-image-preview:large, max-video-preview:-1\" \/>\n<link rel=\"canonical\" href=\"https:\/\/www.anseros.de\/disclaimer\/\" \/>\n<meta property=\"og:locale\" content=\"de_DE\" \/>\n<meta property=\"og:type\" content=\"article\" \/>\n<meta property=\"og:title\" content=\"Haftungsausschluss - Anseros Ozone Technologies\" \/>\n<meta property=\"og:description\" content=\"Haftungsausschluss f\u00fcr die ANSEROS-Webseiten: Haftung, Eigentumsrechte, Widerspruch gegen Werbemails, Sonstiges und mehr.\" \/>\n<meta property=\"og:url\" content=\"https:\/\/www.anseros.de\/disclaimer\/\" \/>\n<meta property=\"og:site_name\" content=\"Anseros Ozone Technologies\" \/>\n<meta property=\"article:modified_time\" content=\"2024-08-21T14:15:58+00:00\" \/>\n<meta name=\"twitter:card\" content=\"summary_large_image\" \/>\n<meta name=\"twitter:label1\" content=\"Gesch\u00e4tzte Lesezeit\" \/>\n\t<meta name=\"twitter:data1\" content=\"4\u00a0Minuten\" \/>\n<script type=\"application\/ld+json\" class=\"yoast-schema-graph\">{\"@context\":\"https:\/\/schema.org\",\"@graph\":[{\"@type\":\"WebPage\",\"@id\":\"https:\/\/www.anseros.de\/disclaimer\/\",\"url\":\"https:\/\/www.anseros.de\/disclaimer\/\",\"name\":\"Haftungsausschluss - Anseros Ozone Technologies\",\"isPartOf\":{\"@id\":\"https:\/\/www.anseros.de\/#website\"},\"datePublished\":\"2022-04-10T13:19:25+00:00\",\"dateModified\":\"2024-08-21T14:15:58+00:00\",\"description\":\"Haftungsausschluss f\u00fcr die ANSEROS-Webseiten: Haftung, Eigentumsrechte, Widerspruch gegen Werbemails, Sonstiges und mehr.\",\"breadcrumb\":{\"@id\":\"https:\/\/www.anseros.de\/disclaimer\/#breadcrumb\"},\"inLanguage\":\"de\",\"potentialAction\":[{\"@type\":\"ReadAction\",\"target\":[\"https:\/\/www.anseros.de\/disclaimer\/\"]}]},{\"@type\":\"BreadcrumbList\",\"@id\":\"https:\/\/www.anseros.de\/disclaimer\/#breadcrumb\",\"itemListElement\":[{\"@type\":\"ListItem\",\"position\":1,\"name\":\"Start\",\"item\":\"https:\/\/www.anseros.de\/de\/\"},{\"@type\":\"ListItem\",\"position\":2,\"name\":\"Haftungsausschluss\"}]},{\"@type\":\"WebSite\",\"@id\":\"https:\/\/www.anseros.de\/#website\",\"url\":\"https:\/\/www.anseros.de\/\",\"name\":\"Anseros Ozone Technologies\",\"description\":\"Pr\u00e4sentation der Anseros Produktpalette und Leistungen\",\"publisher\":{\"@id\":\"https:\/\/www.anseros.de\/#organization\"},\"potentialAction\":[{\"@type\":\"SearchAction\",\"target\":{\"@type\":\"EntryPoint\",\"urlTemplate\":\"https:\/\/www.anseros.de\/?s={search_term_string}\"},\"query-input\":{\"@type\":\"PropertyValueSpecification\",\"valueRequired\":true,\"valueName\":\"search_term_string\"}}],\"inLanguage\":\"de\"},{\"@type\":\"Organization\",\"@id\":\"https:\/\/www.anseros.de\/#organization\",\"name\":\"Anseros Ozone Technologies\",\"url\":\"https:\/\/www.anseros.de\/\",\"logo\":{\"@type\":\"ImageObject\",\"inLanguage\":\"de\",\"@id\":\"https:\/\/www.anseros.de\/#\/schema\/logo\/image\/\",\"url\":\"https:\/\/www.anseros.de\/wp-content\/uploads\/Anseros-monogram-2024-2.webp\",\"contentUrl\":\"https:\/\/www.anseros.de\/wp-content\/uploads\/Anseros-monogram-2024-2.webp\",\"width\":1067,\"height\":1060,\"caption\":\"Anseros Ozone Technologies\"},\"image\":{\"@id\":\"https:\/\/www.anseros.de\/#\/schema\/logo\/image\/\"}}]}<\/script>\n<!-- \/ Yoast SEO plugin. -->","yoast_head_json":{"title":"Haftungsausschluss - Anseros Ozone Technologies","description":"Haftungsausschluss f\u00fcr die ANSEROS-Webseiten: Haftung, Eigentumsrechte, Widerspruch gegen Werbemails, Sonstiges und mehr.","robots":{"index":"index","follow":"follow","max-snippet":"max-snippet:-1","max-image-preview":"max-image-preview:large","max-video-preview":"max-video-preview:-1"},"canonical":"https:\/\/www.anseros.de\/disclaimer\/","og_locale":"de_DE","og_type":"article","og_title":"Haftungsausschluss - Anseros Ozone Technologies","og_description":"Haftungsausschluss f\u00fcr die ANSEROS-Webseiten: Haftung, Eigentumsrechte, Widerspruch gegen Werbemails, Sonstiges und mehr.","og_url":"https:\/\/www.anseros.de\/disclaimer\/","og_site_name":"Anseros Ozone Technologies","article_modified_time":"2024-08-21T14:15:58+00:00","twitter_card":"summary_large_image","twitter_misc":{"Gesch\u00e4tzte Lesezeit":"4\u00a0Minuten"},"schema":{"@context":"https:\/\/schema.org","@graph":[{"@type":"WebPage","@id":"https:\/\/www.anseros.de\/disclaimer\/","url":"https:\/\/www.anseros.de\/disclaimer\/","name":"Haftungsausschluss - Anseros Ozone Technologies","isPartOf":{"@id":"https:\/\/www.anseros.de\/#website"},"datePublished":"2022-04-10T13:19:25+00:00","dateModified":"2024-08-21T14:15:58+00:00","description":"Haftungsausschluss f\u00fcr die ANSEROS-Webseiten: Haftung, Eigentumsrechte, Widerspruch gegen Werbemails, Sonstiges und mehr.","breadcrumb":{"@id":"https:\/\/www.anseros.de\/disclaimer\/#breadcrumb"},"inLanguage":"de","potentialAction":[{"@type":"ReadAction","target":["https:\/\/www.anseros.de\/disclaimer\/"]}]},{"@type":"BreadcrumbList","@id":"https:\/\/www.anseros.de\/disclaimer\/#breadcrumb","itemListElement":[{"@type":"ListItem","position":1,"name":"Start","item":"https:\/\/www.anseros.de\/de\/"},{"@type":"ListItem","position":2,"name":"Haftungsausschluss"}]},{"@type":"WebSite","@id":"https:\/\/www.anseros.de\/#website","url":"https:\/\/www.anseros.de\/","name":"Anseros Ozone Technologies","description":"Pr\u00e4sentation der Anseros Produktpalette und Leistungen","publisher":{"@id":"https:\/\/www.anseros.de\/#organization"},"potentialAction":[{"@type":"SearchAction","target":{"@type":"EntryPoint","urlTemplate":"https:\/\/www.anseros.de\/?s={search_term_string}"},"query-input":{"@type":"PropertyValueSpecification","valueRequired":true,"valueName":"search_term_string"}}],"inLanguage":"de"},{"@type":"Organization","@id":"https:\/\/www.anseros.de\/#organization","name":"Anseros Ozone Technologies","url":"https:\/\/www.anseros.de\/","logo":{"@type":"ImageObject","inLanguage":"de","@id":"https:\/\/www.anseros.de\/#\/schema\/logo\/image\/","url":"https:\/\/www.anseros.de\/wp-content\/uploads\/Anseros-monogram-2024-2.webp","contentUrl":"https:\/\/www.anseros.de\/wp-content\/uploads\/Anseros-monogram-2024-2.webp","width":1067,"height":1060,"caption":"Anseros Ozone Technologies"},"image":{"@id":"https:\/\/www.anseros.de\/#\/schema\/logo\/image\/"}}]}},"_links":{"self":[{"href":"https:\/\/www.anseros.de\/de\/wp-json\/wp\/v2\/pages\/3283","targetHints":{"allow":["GET"]}}],"collection":[{"href":"https:\/\/www.anseros.de\/de\/wp-json\/wp\/v2\/pages"}],"about":[{"href":"https:\/\/www.anseros.de\/de\/wp-json\/wp\/v2\/types\/page"}],"author":[{"embeddable":true,"href":"https:\/\/www.anseros.de\/de\/wp-json\/wp\/v2\/users\/7"}],"replies":[{"embeddable":true,"href":"https:\/\/www.anseros.de\/de\/wp-json\/wp\/v2\/comments?post=3283"}],"version-history":[{"count":0,"href":"https:\/\/www.anseros.de\/de\/wp-json\/wp\/v2\/pages\/3283\/revisions"}],"wp:attachment":[{"href":"https:\/\/www.anseros.de\/de\/wp-json\/wp\/v2\/media?parent=3283"}],"curies":[{"name":"wp","href":"https:\/\/api.w.org\/{rel}","templated":true}]}}