{"id":3279,"date":"2022-04-10T15:17:54","date_gmt":"2022-04-10T13:17:54","guid":{"rendered":"https:\/\/www.anseros.de\/impressum\/"},"modified":"2026-03-06T15:00:32","modified_gmt":"2026-03-06T14:00:32","slug":"impressum","status":"publish","type":"page","link":"https:\/\/www.anseros.de\/de\/impressum\/","title":{"rendered":"Impressum"},"content":{"rendered":"\t\t<div data-elementor-type=\"wp-page\" data-elementor-id=\"3279\" class=\"elementor elementor-3279 elementor-966\" data-elementor-post-type=\"page\">\n\t\t\t\t<div class=\"elementor-element elementor-element-ec9a904 e-flex e-con-boxed e-con e-parent\" data-id=\"ec9a904\" data-element_type=\"container\" data-e-type=\"container\" data-settings=\"{&quot;background_background&quot;:&quot;classic&quot;}\">\n\t\t\t\t\t<div class=\"e-con-inner\">\n\t\t\t\t<div class=\"elementor-element elementor-element-2d4c3e5 elementor-widget-mobile__width-inherit elementor-widget elementor-widget-breadcrumbs\" data-id=\"2d4c3e5\" data-element_type=\"widget\" data-e-type=\"widget\" data-widget_type=\"breadcrumbs.default\">\n\t\t\t\t<div class=\"elementor-widget-container\">\n\t\t\t\t\t<p id=\"breadcrumbs\"><span><span><a href=\"https:\/\/www.anseros.de\/de\/\">Start<\/a><\/span><\/span><\/p>\t\t\t\t<\/div>\n\t\t\t\t<\/div>\n\t\t\t\t\t<\/div>\n\t\t\t\t<\/div>\n\t\t<div class=\"elementor-element elementor-element-fc620fa e-flex e-con-boxed elementor-invisible e-con e-parent\" data-id=\"fc620fa\" data-element_type=\"container\" data-e-type=\"container\" data-settings=\"{&quot;animation&quot;:&quot;fadeInUp&quot;}\">\n\t\t\t\t\t<div class=\"e-con-inner\">\n\t\t<div class=\"elementor-element elementor-element-ca252d0 e-con-full e-flex elementor-invisible e-con e-child\" data-id=\"ca252d0\" data-element_type=\"container\" data-e-type=\"container\" data-settings=\"{&quot;animation&quot;:&quot;fadeInUp&quot;}\">\n\t\t\t\t<div class=\"elementor-element elementor-element-7bb6caa elementor-widget elementor-widget-image\" data-id=\"7bb6caa\" data-element_type=\"widget\" data-e-type=\"widget\" data-widget_type=\"image.default\">\n\t\t\t\t<div class=\"elementor-widget-container\">\n\t\t\t\t\t\t\t\t\t\t\t\t\t\t\t<img fetchpriority=\"high\" decoding=\"async\" src=\"https:\/\/www.anseros.de\/wp-content\/uploads\/elementor\/thumbs\/ANSEROS-mono-tower-1-rcm9i4l1uxusudw19qmiaxk87fzjgh0s7pympgeo1s.webp\" alt=\"ANSEROS-mono-tower\" title=\"ANSEROS-mono-tower\" width=\"600\" height=\"800\" \/>\t\t\t\t\t\t\t\t\t\t\t\t\t\t\t<\/div>\n\t\t\t\t<\/div>\n\t\t\t\t<\/div>\n\t\t<div class=\"elementor-element elementor-element-37c5c77 e-con-full e-flex elementor-invisible e-con e-child\" data-id=\"37c5c77\" data-element_type=\"container\" data-e-type=\"container\" data-settings=\"{&quot;animation&quot;:&quot;fadeInUp&quot;}\">\n\t\t<div class=\"elementor-element elementor-element-ea25a7c e-con-full e-flex e-con e-child\" data-id=\"ea25a7c\" data-element_type=\"container\" data-e-type=\"container\">\n\t\t\t\t<div class=\"elementor-element elementor-element-e4dbd31 elementor-widget__width-inherit elementor-widget elementor-widget-heading\" data-id=\"e4dbd31\" data-element_type=\"widget\" data-e-type=\"widget\" data-widget_type=\"heading.default\">\n\t\t\t\t<div class=\"elementor-widget-container\">\n\t\t\t\t\t<h1 class=\"elementor-heading-title elementor-size-default\">Impressum<\/h1>\t\t\t\t<\/div>\n\t\t\t\t<\/div>\n\t\t<div class=\"elementor-element elementor-element-e3df5a7 e-con-full e-flex e-con e-child\" data-id=\"e3df5a7\" data-element_type=\"container\" data-e-type=\"container\">\n\t\t\t\t<div class=\"elementor-element elementor-element-51115f2 elementor-widget elementor-widget-text-editor\" data-id=\"51115f2\" data-element_type=\"widget\" data-e-type=\"widget\" data-widget_type=\"text-editor.default\">\n\t\t\t\t<div class=\"elementor-widget-container\">\n\t\t\t\t\t\t\t\t\t<h5><strong>Anseros Klaus Nonnenmacher GmbH<\/strong><\/h5><p>Dischingerweg 11, 72070 T\u00fcbingen (Hirschau), Deutschland.<\/p>\t\t\t\t\t\t\t\t<\/div>\n\t\t\t\t<\/div>\n\t\t\t\t<div class=\"elementor-element elementor-element-3e73923 elementor-widget elementor-widget-google_maps\" data-id=\"3e73923\" data-element_type=\"widget\" data-e-type=\"widget\" data-widget_type=\"google_maps.default\">\n\t\t\t\t<div class=\"elementor-widget-container\">\n\t\t\t\t\t\t\t<div class=\"elementor-custom-embed\">\n\t\t\t<iframe loading=\"lazy\"\n\t\t\t\t\tsrc=\"https:\/\/maps.google.com\/maps?q=anseros%20klaus%20nonnenmacher&#038;t=m&#038;z=11&#038;output=embed&#038;iwloc=near\"\n\t\t\t\t\ttitle=\"anseros klaus nonnenmacher\"\n\t\t\t\t\taria-label=\"anseros klaus nonnenmacher\"\n\t\t\t><\/iframe>\n\t\t<\/div>\n\t\t\t\t\t\t<\/div>\n\t\t\t\t<\/div>\n\t\t\t\t<div class=\"elementor-element elementor-element-6909abb elementor-widget elementor-widget-text-editor\" data-id=\"6909abb\" data-element_type=\"widget\" data-e-type=\"widget\" data-widget_type=\"text-editor.default\">\n\t\t\t\t<div class=\"elementor-widget-container\">\n\t\t\t\t\t\t\t\t\t<p>Tel: <a href=\"tel:+49-7071-7995-0\">+49-(0)7071-7995-0<\/a><br \/>Fax: +49-(0)7071-7995-95<br \/>E-mail: <a href=\"mailto:info@anseros.de\">info@anseros.de<\/a><\/p><p>Gesch\u00e4ftsf\u00fchrer: Dipl.-Ing. Klaus Nonnenmacher, M. Sc. Timon Nonnenmacher<br \/>Ust-IdNr.: DE146890942<br \/>Handelsregister-Nr.: HRB 381208<br \/>Registergericht: Amtsgericht Stuttgart<\/p><p>Inhaltlich Verantwortlicher gem\u00e4\u00df \u00a7 6 MDStV:<br \/>Dipl. Ing. Klaus Nonnenmacher<\/p><p>Die Europ\u00e4ische Kommission stellt eine Plattform f\u00fcr die au\u00dfergerichtliche Online-Streitbeilegung (OS-Plattform) bereit, aufrufbar unter <a href=\"https:\/\/ec.europa.eu\/consumers\/odr\/main\/index.cfm?event=main.home.chooseLanguage\" target=\"_blank\" rel=\"noopener\">ec.europa.eu\/consumers\/odr.<\/a><\/p>\t\t\t\t\t\t\t\t<\/div>\n\t\t\t\t<\/div>\n\t\t\t\t<\/div>\n\t\t\t\t<\/div>\n\t\t\t\t<\/div>\n\t\t\t\t\t<\/div>\n\t\t\t\t<\/div>\n\t\t\t\t<\/div>\n\t\t","protected":false},"excerpt":{"rendered":"<p>Impressum Anseros Klaus Nonnenmacher GmbH Dischingerweg 11, 72070 T\u00fcbingen (Hirschau), Deutschland. Tel: +49-(0)7071-7995-0Fax: +49-(0)7071-7995-95E-mail: info@anseros.de Gesch\u00e4ftsf\u00fchrer: Dipl.-Ing. Klaus Nonnenmacher, M. Sc. Timon NonnenmacherUst-IdNr.: DE146890942Handelsregister-Nr.: HRB 381208Registergericht: Amtsgericht Stuttgart Inhaltlich Verantwortlicher gem\u00e4\u00df \u00a7 6 MDStV:Dipl. Ing. Klaus Nonnenmacher Die Europ\u00e4ische Kommission stellt eine Plattform f\u00fcr die au\u00dfergerichtliche Online-Streitbeilegung (OS-Plattform) bereit, aufrufbar unter ec.europa.eu\/consumers\/odr.<\/p>\n","protected":false},"author":7,"featured_media":0,"parent":0,"menu_order":0,"comment_status":"closed","ping_status":"closed","template":"","meta":{"_acf_changed":false,"footnotes":""},"class_list":["post-3279","page","type-page","status-publish","hentry"],"acf":[],"yoast_head":"<!-- This site is optimized with the Yoast SEO plugin v27.5 - https:\/\/yoast.com\/product\/yoast-seo-wordpress\/ -->\n<title>Impressum - Anseros Ozone Technologies<\/title>\n<meta name=\"description\" content=\"Rechtliche Informationen zur Website der Anseros Klaus Nonnenmacher GmbH mit Sitz in T\u00fcbingen, Deutschland.\" \/>\n<meta name=\"robots\" content=\"index, follow, max-snippet:-1, max-image-preview:large, max-video-preview:-1\" \/>\n<link rel=\"canonical\" href=\"https:\/\/www.anseros.de\/de\/impressum\/\" \/>\n<meta property=\"og:locale\" content=\"de_DE\" \/>\n<meta property=\"og:type\" content=\"article\" \/>\n<meta property=\"og:title\" content=\"Impressum - Anseros Ozone Technologies\" \/>\n<meta property=\"og:description\" content=\"Rechtliche Informationen zur Website der Anseros Klaus Nonnenmacher GmbH mit Sitz in T\u00fcbingen, Deutschland.\" \/>\n<meta property=\"og:url\" content=\"https:\/\/www.anseros.de\/de\/impressum\/\" \/>\n<meta property=\"og:site_name\" content=\"Anseros Ozone Technologies\" \/>\n<meta property=\"article:modified_time\" content=\"2026-03-06T14:00:32+00:00\" \/>\n<meta property=\"og:image\" content=\"https:\/\/www.anseros.de\/wp-content\/uploads\/elementor\/thumbs\/ANSEROS-mono-tower-1-rcm9i4l1uxusudw19qmiaxk87fzjgh0s7pympgena0.webp\" \/>\n<meta name=\"twitter:card\" content=\"summary_large_image\" \/>\n<meta name=\"twitter:label1\" content=\"Gesch\u00e4tzte Lesezeit\" \/>\n\t<meta name=\"twitter:data1\" content=\"1\u00a0Minute\" \/>\n<script type=\"application\/ld+json\" class=\"yoast-schema-graph\">{\"@context\":\"https:\\\/\\\/schema.org\",\"@graph\":[{\"@type\":\"WebPage\",\"@id\":\"https:\\\/\\\/www.anseros.de\\\/de\\\/impressum\\\/\",\"url\":\"https:\\\/\\\/www.anseros.de\\\/de\\\/impressum\\\/\",\"name\":\"Impressum - Anseros Ozone Technologies\",\"isPartOf\":{\"@id\":\"https:\\\/\\\/www.anseros.de\\\/#website\"},\"primaryImageOfPage\":{\"@id\":\"https:\\\/\\\/www.anseros.de\\\/de\\\/impressum\\\/#primaryimage\"},\"image\":{\"@id\":\"https:\\\/\\\/www.anseros.de\\\/de\\\/impressum\\\/#primaryimage\"},\"thumbnailUrl\":\"https:\\\/\\\/www.anseros.de\\\/wp-content\\\/uploads\\\/elementor\\\/thumbs\\\/ANSEROS-mono-tower-1-rcm9i4l1uxusudw19qmiaxk87fzjgh0s7pympgena0.webp\",\"datePublished\":\"2022-04-10T13:17:54+00:00\",\"dateModified\":\"2026-03-06T14:00:32+00:00\",\"description\":\"Rechtliche Informationen zur Website der Anseros Klaus Nonnenmacher GmbH mit Sitz in T\u00fcbingen, Deutschland.\",\"breadcrumb\":{\"@id\":\"https:\\\/\\\/www.anseros.de\\\/de\\\/impressum\\\/#breadcrumb\"},\"inLanguage\":\"de\",\"potentialAction\":[{\"@type\":\"ReadAction\",\"target\":[\"https:\\\/\\\/www.anseros.de\\\/de\\\/impressum\\\/\"]}]},{\"@type\":\"ImageObject\",\"inLanguage\":\"de\",\"@id\":\"https:\\\/\\\/www.anseros.de\\\/de\\\/impressum\\\/#primaryimage\",\"url\":\"https:\\\/\\\/www.anseros.de\\\/wp-content\\\/uploads\\\/elementor\\\/thumbs\\\/ANSEROS-mono-tower-1-rcm9i4l1uxusudw19qmiaxk87fzjgh0s7pympgena0.webp\",\"contentUrl\":\"https:\\\/\\\/www.anseros.de\\\/wp-content\\\/uploads\\\/elementor\\\/thumbs\\\/ANSEROS-mono-tower-1-rcm9i4l1uxusudw19qmiaxk87fzjgh0s7pympgena0.webp\"},{\"@type\":\"BreadcrumbList\",\"@id\":\"https:\\\/\\\/www.anseros.de\\\/de\\\/impressum\\\/#breadcrumb\",\"itemListElement\":[{\"@type\":\"ListItem\",\"position\":1,\"name\":\"Start\",\"item\":\"https:\\\/\\\/www.anseros.de\\\/de\\\/\"},{\"@type\":\"ListItem\",\"position\":2,\"name\":\"Impressum\"}]},{\"@type\":\"WebSite\",\"@id\":\"https:\\\/\\\/www.anseros.de\\\/#website\",\"url\":\"https:\\\/\\\/www.anseros.de\\\/\",\"name\":\"Anseros Ozone Technologies\",\"description\":\"Pr\u00e4sentation der Anseros Produktpalette und Leistungen\",\"publisher\":{\"@id\":\"https:\\\/\\\/www.anseros.de\\\/#organization\"},\"potentialAction\":[{\"@type\":\"SearchAction\",\"target\":{\"@type\":\"EntryPoint\",\"urlTemplate\":\"https:\\\/\\\/www.anseros.de\\\/?s={search_term_string}\"},\"query-input\":{\"@type\":\"PropertyValueSpecification\",\"valueRequired\":true,\"valueName\":\"search_term_string\"}}],\"inLanguage\":\"de\"},{\"@type\":\"Organization\",\"@id\":\"https:\\\/\\\/www.anseros.de\\\/#organization\",\"name\":\"Anseros Ozone Technologies\",\"url\":\"https:\\\/\\\/www.anseros.de\\\/\",\"logo\":{\"@type\":\"ImageObject\",\"inLanguage\":\"de\",\"@id\":\"https:\\\/\\\/www.anseros.de\\\/#\\\/schema\\\/logo\\\/image\\\/\",\"url\":\"https:\\\/\\\/www.anseros.de\\\/wp-content\\\/uploads\\\/Anseros-monogram-2024-2.webp\",\"contentUrl\":\"https:\\\/\\\/www.anseros.de\\\/wp-content\\\/uploads\\\/Anseros-monogram-2024-2.webp\",\"width\":1067,\"height\":1060,\"caption\":\"Anseros Ozone Technologies\"},\"image\":{\"@id\":\"https:\\\/\\\/www.anseros.de\\\/#\\\/schema\\\/logo\\\/image\\\/\"}}]}<\/script>\n<!-- \/ Yoast SEO plugin. -->","yoast_head_json":{"title":"Impressum - Anseros Ozone Technologies","description":"Rechtliche Informationen zur Website der Anseros Klaus Nonnenmacher GmbH mit Sitz in T\u00fcbingen, Deutschland.","robots":{"index":"index","follow":"follow","max-snippet":"max-snippet:-1","max-image-preview":"max-image-preview:large","max-video-preview":"max-video-preview:-1"},"canonical":"https:\/\/www.anseros.de\/de\/impressum\/","og_locale":"de_DE","og_type":"article","og_title":"Impressum - Anseros Ozone Technologies","og_description":"Rechtliche Informationen zur Website der Anseros Klaus Nonnenmacher GmbH mit Sitz in T\u00fcbingen, Deutschland.","og_url":"https:\/\/www.anseros.de\/de\/impressum\/","og_site_name":"Anseros Ozone Technologies","article_modified_time":"2026-03-06T14:00:32+00:00","og_image":[{"url":"https:\/\/www.anseros.de\/wp-content\/uploads\/elementor\/thumbs\/ANSEROS-mono-tower-1-rcm9i4l1uxusudw19qmiaxk87fzjgh0s7pympgena0.webp","type":"","width":"","height":""}],"twitter_card":"summary_large_image","twitter_misc":{"Gesch\u00e4tzte Lesezeit":"1\u00a0Minute"},"schema":{"@context":"https:\/\/schema.org","@graph":[{"@type":"WebPage","@id":"https:\/\/www.anseros.de\/de\/impressum\/","url":"https:\/\/www.anseros.de\/de\/impressum\/","name":"Impressum - Anseros Ozone Technologies","isPartOf":{"@id":"https:\/\/www.anseros.de\/#website"},"primaryImageOfPage":{"@id":"https:\/\/www.anseros.de\/de\/impressum\/#primaryimage"},"image":{"@id":"https:\/\/www.anseros.de\/de\/impressum\/#primaryimage"},"thumbnailUrl":"https:\/\/www.anseros.de\/wp-content\/uploads\/elementor\/thumbs\/ANSEROS-mono-tower-1-rcm9i4l1uxusudw19qmiaxk87fzjgh0s7pympgena0.webp","datePublished":"2022-04-10T13:17:54+00:00","dateModified":"2026-03-06T14:00:32+00:00","description":"Rechtliche Informationen zur Website der Anseros Klaus Nonnenmacher GmbH mit Sitz in T\u00fcbingen, Deutschland.","breadcrumb":{"@id":"https:\/\/www.anseros.de\/de\/impressum\/#breadcrumb"},"inLanguage":"de","potentialAction":[{"@type":"ReadAction","target":["https:\/\/www.anseros.de\/de\/impressum\/"]}]},{"@type":"ImageObject","inLanguage":"de","@id":"https:\/\/www.anseros.de\/de\/impressum\/#primaryimage","url":"https:\/\/www.anseros.de\/wp-content\/uploads\/elementor\/thumbs\/ANSEROS-mono-tower-1-rcm9i4l1uxusudw19qmiaxk87fzjgh0s7pympgena0.webp","contentUrl":"https:\/\/www.anseros.de\/wp-content\/uploads\/elementor\/thumbs\/ANSEROS-mono-tower-1-rcm9i4l1uxusudw19qmiaxk87fzjgh0s7pympgena0.webp"},{"@type":"BreadcrumbList","@id":"https:\/\/www.anseros.de\/de\/impressum\/#breadcrumb","itemListElement":[{"@type":"ListItem","position":1,"name":"Start","item":"https:\/\/www.anseros.de\/de\/"},{"@type":"ListItem","position":2,"name":"Impressum"}]},{"@type":"WebSite","@id":"https:\/\/www.anseros.de\/#website","url":"https:\/\/www.anseros.de\/","name":"Anseros Ozone Technologies","description":"Pr\u00e4sentation der Anseros Produktpalette und Leistungen","publisher":{"@id":"https:\/\/www.anseros.de\/#organization"},"potentialAction":[{"@type":"SearchAction","target":{"@type":"EntryPoint","urlTemplate":"https:\/\/www.anseros.de\/?s={search_term_string}"},"query-input":{"@type":"PropertyValueSpecification","valueRequired":true,"valueName":"search_term_string"}}],"inLanguage":"de"},{"@type":"Organization","@id":"https:\/\/www.anseros.de\/#organization","name":"Anseros Ozone Technologies","url":"https:\/\/www.anseros.de\/","logo":{"@type":"ImageObject","inLanguage":"de","@id":"https:\/\/www.anseros.de\/#\/schema\/logo\/image\/","url":"https:\/\/www.anseros.de\/wp-content\/uploads\/Anseros-monogram-2024-2.webp","contentUrl":"https:\/\/www.anseros.de\/wp-content\/uploads\/Anseros-monogram-2024-2.webp","width":1067,"height":1060,"caption":"Anseros Ozone Technologies"},"image":{"@id":"https:\/\/www.anseros.de\/#\/schema\/logo\/image\/"}}]}},"_links":{"self":[{"href":"https:\/\/www.anseros.de\/de\/wp-json\/wp\/v2\/pages\/3279","targetHints":{"allow":["GET"]}}],"collection":[{"href":"https:\/\/www.anseros.de\/de\/wp-json\/wp\/v2\/pages"}],"about":[{"href":"https:\/\/www.anseros.de\/de\/wp-json\/wp\/v2\/types\/page"}],"author":[{"embeddable":true,"href":"https:\/\/www.anseros.de\/de\/wp-json\/wp\/v2\/users\/7"}],"replies":[{"embeddable":true,"href":"https:\/\/www.anseros.de\/de\/wp-json\/wp\/v2\/comments?post=3279"}],"version-history":[{"count":9,"href":"https:\/\/www.anseros.de\/de\/wp-json\/wp\/v2\/pages\/3279\/revisions"}],"predecessor-version":[{"id":21183,"href":"https:\/\/www.anseros.de\/de\/wp-json\/wp\/v2\/pages\/3279\/revisions\/21183"}],"wp:attachment":[{"href":"https:\/\/www.anseros.de\/de\/wp-json\/wp\/v2\/media?parent=3279"}],"curies":[{"name":"wp","href":"https:\/\/api.w.org\/{rel}","templated":true}]}}